{"id":6638,"date":"2025-04-10T10:48:03","date_gmt":"2025-04-10T07:48:03","guid":{"rendered":"https:\/\/safari.dulcedulce.ro\/?page_id=6638"},"modified":"2025-04-10T10:52:15","modified_gmt":"2025-04-10T07:52:15","slug":"magazin-de-suveniruri","status":"publish","type":"page","link":"https:\/\/safari.dulcedulce.ro\/hu\/magazin-de-suveniruri\/","title":{"rendered":"Magazin de suveniruri"},"content":{"rendered":"<div data-elementor-type=\"wp-page\" data-elementor-id=\"6638\" class=\"elementor elementor-6638\">\n\t\t\t\t<div class=\"elementor-element elementor-element-1237b9c e-flex e-con-boxed e-con e-parent\" data-id=\"1237b9c\" data-element_type=\"container\" data-core-v316-plus=\"true\">\n\t\t\t\t\t<div class=\"e-con-inner\">\n\t\t\t\t<div class=\"elementor-element elementor-element-bc89ded elementor-widget elementor-widget-text-editor\" data-id=\"bc89ded\" data-element_type=\"widget\" data-widget_type=\"text-editor.default\">\n\t\t\t\t<div class=\"elementor-widget-container\">\n\t\t\t<style>\/*! elementor - v3.20.0 - 20-03-2024 *\/\n.elementor-widget-text-editor.elementor-drop-cap-view-stacked .elementor-drop-cap{background-color:#69727d;color:#fff}.elementor-widget-text-editor.elementor-drop-cap-view-framed .elementor-drop-cap{color:#69727d;border:3px solid;background-color:transparent}.elementor-widget-text-editor:not(.elementor-drop-cap-view-default) .elementor-drop-cap{margin-top:8px}.elementor-widget-text-editor:not(.elementor-drop-cap-view-default) .elementor-drop-cap-letter{width:1em;height:1em}.elementor-widget-text-editor .elementor-drop-cap{float:left;text-align:center;line-height:1;font-size:50px}.elementor-widget-text-editor .elementor-drop-cap-letter{display:inline-block}<\/style>\t\t\t\t<p><strong>Aj\u00e1nd\u00e9kbolt \u2013 Vigy\u00e9l haza egy darabot a Liska Parkb\u00f3l<br \/><\/strong><br \/>Az itt szerzett eml\u00e9keket \u00f6r\u00f6kre meg\u0151rizheted.<br \/>Aj\u00e1nd\u00e9kboltunk gondosan v\u00e1logatott aj\u00e1nd\u00e9kokat \u00e9s eml\u00e9kt\u00e1rgyakat k\u00edn\u00e1l \u2013 a pl\u00fcss\u00e1llatokt\u00f3l \u00e9s k\u00e9peslapokt\u00f3l a helyi k\u00e9zm\u0171ves term\u00e9kekig \u00e9s a Liska Park m\u00e1rk\u00e1s \u00e1rucikkeiig.<br \/>N\u00e9pszer\u0171 term\u00e9keink k\u00f6z\u00e9 tartoznak:<br \/>\u2013 Term\u00e9szet ihlette, k\u00e9zzel k\u00e9sz\u00edtett aj\u00e1nd\u00e9kt\u00e1rgyak<br \/>\u2013 Egyedi ruh\u00e1zati cikkek \u00e9s kieg\u00e9sz\u00edt\u0151k<br \/>\u2013 Oktat\u00f3 j\u00e1t\u00e9kok, a gyerekek kedvencei<\/p><p>K\u00f6rnyezetbar\u00e1t helyi term\u00e9kek<\/p><p><strong>Ne t\u00e1vozz an\u00e9lk\u00fcl, hogy ne vinn\u00e9l magaddal egy kis szeletet a Liska Park var\u00e1zs\u00e1b\u00f3l.<\/strong><\/p><p>\ud83d\udd18 Aj\u00e1nd\u00e9kbolt <br \/>\ud83d\udd18 Keress minket a park ter\u00fclet\u00e9n<\/p>\t\t\t\t\t\t<\/div>\n\t\t\t\t<\/div>\n\t\t\t\t\t<\/div>\n\t\t\t\t<\/div>\n\t\t\t\t<\/div>","protected":false},"excerpt":{"rendered":"<p>Magazin de suveniruri &#8211; Lua\u021bi acas\u0103 o buc\u0103\u021bic\u0103 din Liska ParkAmintirile f\u0103cute aici, de pre\u021buit pentru totdeauna.Magazinul nostru de suveniruri v\u0103 ofer\u0103 o selec\u021bie atent aleas\u0103 de cadouri \u0219i amintiri [&hellip;]<\/p>","protected":false},"author":1,"featured_media":6634,"parent":0,"menu_order":0,"comment_status":"closed","ping_status":"closed","template":"","meta":{"ngg_post_thumbnail":0,"footnotes":""},"class_list":["post-6638","page","type-page","status-publish","has-post-thumbnail","hentry"],"_links":{"self":[{"href":"https:\/\/safari.dulcedulce.ro\/hu\/wp-json\/wp\/v2\/pages\/6638","targetHints":{"allow":["GET"]}}],"collection":[{"href":"https:\/\/safari.dulcedulce.ro\/hu\/wp-json\/wp\/v2\/pages"}],"about":[{"href":"https:\/\/safari.dulcedulce.ro\/hu\/wp-json\/wp\/v2\/types\/page"}],"author":[{"embeddable":true,"href":"https:\/\/safari.dulcedulce.ro\/hu\/wp-json\/wp\/v2\/users\/1"}],"replies":[{"embeddable":true,"href":"https:\/\/safari.dulcedulce.ro\/hu\/wp-json\/wp\/v2\/comments?post=6638"}],"version-history":[{"count":14,"href":"https:\/\/safari.dulcedulce.ro\/hu\/wp-json\/wp\/v2\/pages\/6638\/revisions"}],"predecessor-version":[{"id":6652,"href":"https:\/\/safari.dulcedulce.ro\/hu\/wp-json\/wp\/v2\/pages\/6638\/revisions\/6652"}],"wp:featuredmedia":[{"embeddable":true,"href":"https:\/\/safari.dulcedulce.ro\/hu\/wp-json\/wp\/v2\/media\/6634"}],"wp:attachment":[{"href":"https:\/\/safari.dulcedulce.ro\/hu\/wp-json\/wp\/v2\/media?parent=6638"}],"curies":[{"name":"wp","href":"https:\/\/api.w.org\/{rel}","templated":true}]}}