{"id":6216,"date":"2025-03-13T10:32:11","date_gmt":"2025-03-13T08:32:11","guid":{"rendered":"https:\/\/safari.dulcedulce.ro\/?page_id=6216"},"modified":"2025-03-24T13:50:07","modified_gmt":"2025-03-24T11:50:07","slug":"lucreaza-pentru-cazare-la-liska-park","status":"publish","type":"page","link":"https:\/\/safari.dulcedulce.ro\/hu\/lucreaza-pentru-cazare-la-liska-park\/","title":{"rendered":"Lucreaz\u0103 pentru cazare la Liska Park"},"content":{"rendered":"<p><strong>Csatlakozz a fenntarthat\u00f3 term\u00e9szetv\u00e9delem projektj\u00e9hez!<\/strong><\/p>\r\n<p>Szereted az \u00e1llatokat, a term\u00e9szetet \u00e9s a fenntarthat\u00f3 \u00e9letm\u00f3dot? Szeretn\u00e9l r\u00e9szt venni egy \u00e9rtelmes projektben, amely hozz\u00e1j\u00e1rul a vadon \u00e9l\u0151 \u00e1llatok v\u00e9delm\u00e9hez \u00e9s az \u00fajrahasznos\u00edt\u00e1shoz, mik\u00f6zben egyed\u00fcl\u00e1ll\u00f3 term\u00e9szeti k\u00f6rnyezetben t\u00f6ltesz el id\u0151t?<\/p>\r\n<p>A Liska Parkban lehet\u0151s\u00e9get k\u00edn\u00e1lunk elk\u00f6telezett \u00f6nk\u00e9nteseknek, hogy munk\u00e1juk\u00e9rt cser\u00e9be sz\u00e1ll\u00e1st kapjanak. Seg\u00edts\u00e9ged\u00e9rt cser\u00e9be egy gy\u00f6ny\u00f6r\u0171 term\u00e9szeti k\u00f6rnyezetben \u00e9lhetsz, mik\u00f6zben t\u00e1mogatod k\u00fcldet\u00e9s\u00fcnket: egy \u00e1llatbar\u00e1t \u00e9s fenntarthat\u00f3 vil\u00e1g l\u00e9trehoz\u00e1s\u00e1t.<\/p>\r\n<p><strong>Mit fogsz csin\u00e1lni:<\/strong><\/p>\r\n<p>A \"munka sz\u00e1ll\u00e1s\u00e9rt\" programunk r\u00e9szek\u00e9nt az al\u00e1bbi feladatokban vehetsz r\u00e9szt:<\/p>\r\n<p>\u2013 \u00c1llatgondoz\u00e1s: etet\u00e9s, takar\u00edt\u00e1s, a megmentett vad\u00e1llatok j\u00f3l\u00e9t\u00e9nek biztos\u00edt\u00e1sa<\/p>\r\n<p>\u2013 K\u00f6rnyezetbar\u00e1t projektek \u00e9s a park fenntart\u00e1sa \u2013 hullad\u00e9kb\u00f3l \u00e9rt\u00e9k<\/p>\r\n<p>\u2013 Kert\u00e9szked\u00e9s, term\u00e9szetes \u00e9l\u0151helyek gazdag\u00edt\u00e1sa az \u00e1llatok \u00e9s l\u00e1togat\u00f3k sz\u00e1m\u00e1ra<\/p>\r\n<p><strong>Amit cser\u00e9be kapsz:<\/strong><\/p>\r\n<p>\u2013 Ingyenes sz\u00e1ll\u00e1s egy nyugodt, term\u00e9szetk\u00f6zeli k\u00f6rnyezetben<\/p>\r\n<p>\u2013 Lehet\u0151s\u00e9g \u00e1llatokkal \u00e9s hasonl\u00f3 gondolkod\u00e1s\u00fa emberekkel dolgozni<\/p>\r\n<p>\u2013 Gyakorlati tapasztalat fenntarthat\u00f3s\u00e1g \u00e9s \u00fajrahasznos\u00edt\u00e1s t\u00e9m\u00e1kban<\/p>\r\n<p>\u2013 Annak tudata, hogy hozz\u00e1j\u00e1rulsz egy fontos \u00fcgyh\u00f6z<\/p>\r\n<p>Jelentkez\u00e9s m\u00f3dja:<\/p>\r\n<p>Ha ez az \u00e9lm\u00e9ny neked sz\u00f3l, vedd fel a kapcsolatot a Liska Park csapat\u00e1val \u2013 mutatkozz be \u00e9s tudj meg t\u00f6bbet a programr\u00f3l:<\/p>\r\n<p><span style=\"color: #339966;\"><a style=\"color: #339966;\" href=\"\/hu\/contact\/\"><strong>KAPCSOLAT<\/strong><\/a><\/span><\/p>\r\n<p>L\u00e9gy r\u00e9sze egy k\u00fcl\u00f6nleges projektnek, amely \u00f6tv\u00f6zi a term\u00e9szetv\u00e9delmet, a fenntarthat\u00f3s\u00e1got \u00e9s az \u00e9rtelmes utaz\u00e1st! M\u00e1r alig v\u00e1rjuk, hogy \u00fcdv\u00f6z\u00f6lhess\u00fcnk a Liska Parkban!<\/p>","protected":false},"excerpt":{"rendered":"<p>Lucreaz\u0103 pentru cazare la Liska Park &#8211; Al\u0103tur\u0103-te proiectului nostru de conservare durabil\u0103 E\u0219ti pasionat de animale, natur\u0103 \u0219i via\u021b\u0103 sustenabil\u0103? Dori\u021bi s\u0103 lua\u021bi parte la un proiect semnificativ \u00een [&hellip;]<\/p>","protected":false},"author":1,"featured_media":6054,"parent":0,"menu_order":0,"comment_status":"closed","ping_status":"open","template":"","meta":{"ngg_post_thumbnail":0,"footnotes":""},"class_list":["post-6216","page","type-page","status-publish","has-post-thumbnail","hentry"],"_links":{"self":[{"href":"https:\/\/safari.dulcedulce.ro\/hu\/wp-json\/wp\/v2\/pages\/6216","targetHints":{"allow":["GET"]}}],"collection":[{"href":"https:\/\/safari.dulcedulce.ro\/hu\/wp-json\/wp\/v2\/pages"}],"about":[{"href":"https:\/\/safari.dulcedulce.ro\/hu\/wp-json\/wp\/v2\/types\/page"}],"author":[{"embeddable":true,"href":"https:\/\/safari.dulcedulce.ro\/hu\/wp-json\/wp\/v2\/users\/1"}],"replies":[{"embeddable":true,"href":"https:\/\/safari.dulcedulce.ro\/hu\/wp-json\/wp\/v2\/comments?post=6216"}],"version-history":[{"count":7,"href":"https:\/\/safari.dulcedulce.ro\/hu\/wp-json\/wp\/v2\/pages\/6216\/revisions"}],"predecessor-version":[{"id":6612,"href":"https:\/\/safari.dulcedulce.ro\/hu\/wp-json\/wp\/v2\/pages\/6216\/revisions\/6612"}],"wp:featuredmedia":[{"embeddable":true,"href":"https:\/\/safari.dulcedulce.ro\/hu\/wp-json\/wp\/v2\/media\/6054"}],"wp:attachment":[{"href":"https:\/\/safari.dulcedulce.ro\/hu\/wp-json\/wp\/v2\/media?parent=6216"}],"curies":[{"name":"wp","href":"https:\/\/api.w.org\/{rel}","templated":true}]}}