{"id":46,"date":"2020-10-20T10:16:29","date_gmt":"2020-10-20T10:16:29","guid":{"rendered":"https:\/\/demo.artureanec.com\/themes\/wildworld\/?page_id=46"},"modified":"2025-03-21T11:42:18","modified_gmt":"2025-03-21T09:42:18","slug":"despre-noi","status":"publish","type":"page","link":"https:\/\/safari.dulcedulce.ro\/hu\/despre-noi\/","title":{"rendered":"R\u00f3lunk"},"content":{"rendered":"<div data-elementor-type=\"wp-page\" data-elementor-id=\"46\" class=\"elementor elementor-46\">\n\t\t\t\t<div class=\"elementor-element elementor-element-a2cec26 e-flex e-con-boxed e-con e-parent\" data-id=\"a2cec26\" data-element_type=\"container\" data-core-v316-plus=\"true\">\n\t\t\t\t\t<div class=\"e-con-inner\">\n\t\t<div class=\"elementor-element elementor-element-530c471 e-con-full e-flex e-con e-child\" data-id=\"530c471\" data-element_type=\"container\">\n\t\t\t\t<div class=\"elementor-element elementor-element-e6032a2 elementor-widget elementor-widget-image\" data-id=\"e6032a2\" data-element_type=\"widget\" data-widget_type=\"image.default\">\n\t\t\t\t<div class=\"elementor-widget-container\">\n\t\t\t<style>\/*! elementor - v3.20.0 - 20-03-2024 *\/\n.elementor-widget-image{text-align:center}.elementor-widget-image a{display:inline-block}.elementor-widget-image a img[src$=\".svg\"]{width:48px}.elementor-widget-image img{vertical-align:middle;display:inline-block}<\/style>\t\t\t\t\t\t\t\t\t\t<img fetchpriority=\"high\" decoding=\"async\" width=\"270\" height=\"270\" src=\"https:\/\/safari.dulcedulce.ro\/wp-content\/uploads\/2024\/04\/Christian-Friedl.jpg\" class=\"attachment-large size-large wp-image-5659\" alt=\"\" srcset=\"https:\/\/safari.dulcedulce.ro\/wp-content\/uploads\/2024\/04\/Christian-Friedl.jpg 270w, https:\/\/safari.dulcedulce.ro\/wp-content\/uploads\/2024\/04\/Christian-Friedl-150x150.jpg 150w, https:\/\/safari.dulcedulce.ro\/wp-content\/uploads\/2024\/04\/Christian-Friedl-12x12.jpg 12w, https:\/\/safari.dulcedulce.ro\/wp-content\/uploads\/2024\/04\/Christian-Friedl-100x100.jpg 100w\" sizes=\"(max-width: 270px) 100vw, 270px\" \/>\t\t\t\t\t\t\t\t\t\t\t\t\t<\/div>\n\t\t\t\t<\/div>\n\t\t\t\t<\/div>\n\t\t<div class=\"elementor-element elementor-element-a03f30a e-con-full e-flex e-con e-child\" data-id=\"a03f30a\" data-element_type=\"container\">\n\t\t\t\t<div class=\"elementor-element elementor-element-7218739 elementor-widget elementor-widget-text-editor\" data-id=\"7218739\" data-element_type=\"widget\" data-widget_type=\"text-editor.default\">\n\t\t\t\t<div class=\"elementor-widget-container\">\n\t\t\t<style>\/*! elementor - v3.20.0 - 20-03-2024 *\/\n.elementor-widget-text-editor.elementor-drop-cap-view-stacked .elementor-drop-cap{background-color:#69727d;color:#fff}.elementor-widget-text-editor.elementor-drop-cap-view-framed .elementor-drop-cap{color:#69727d;border:3px solid;background-color:transparent}.elementor-widget-text-editor:not(.elementor-drop-cap-view-default) .elementor-drop-cap{margin-top:8px}.elementor-widget-text-editor:not(.elementor-drop-cap-view-default) .elementor-drop-cap-letter{width:1em;height:1em}.elementor-widget-text-editor .elementor-drop-cap{float:left;text-align:center;line-height:1;font-size:50px}.elementor-widget-text-editor .elementor-drop-cap-letter{display:inline-block}<\/style>\t\t\t\t<h3>Christian Friedl \u2013 A Liska Park alap\u00edt\u00f3ja<\/h3><p><strong>Liska Park \u2013 Christian Friedl v\u00edzi\u00f3ja egy harmonikus t\u00e9rr\u0151l emberek \u00e9s \u00e1llatok sz\u00e1m\u00e1ra<\/strong><\/p><p class=\"translation-block\">A Liska Park meg\u00e9p\u00edt\u00e9se nagyszab\u00e1s\u00fa v\u00e1llalkoz\u00e1s, amely teljes eg\u00e9sz\u00e9ben mag\u00e1nforr\u00e1sb\u00f3l, Christian Friedl saj\u00e1t vagyon\u00e1b\u00f3l lett finansz\u00edrozva. Mivel az \u00e1llatok j\u00f3l\u00e9te sz\u00e1m\u00e1ra kiemelten fontos, nemcsak p\u00e9nz\u00fcgyileg t\u00e1mogatja a parkot, hanem szakmai tapasztalat\u00e1val is, mint fejleszt\u0151 \u00e9s projektmenedzser. Az \u00e9vek sor\u00e1n idej\u00e9t \u00e9s er\u0151forr\u00e1sait \u00e1ldozta arra, hogy a Liska Park val\u00f3di \u00e9letm\u0171v\u00e9v\u00e9 v\u00e1ljon.<\/p><h3>Egy \u00f6r\u00f6ks\u00e9g a j\u00f6v\u0151 gener\u00e1ci\u00f3inak<\/h3><p class=\"translation-block\">Christian Friedl sz\u00e1m\u00e1ra a Liska Park nem csup\u00e1n egy projekt \u2013 ez az \u00e9letm\u0171ve. Egyes\u00edti benne a fenntarthat\u00f3 \u00e9p\u00edt\u00e9szet ir\u00e1nti szenved\u00e9ly\u00e9t, a term\u00e9szet ir\u00e1nti szeretet\u00e9t \u00e9s az \u00e1llatv\u00e9delem ir\u00e1nti elk\u00f6telezetts\u00e9g\u00e9t. C\u00e9lja nem csup\u00e1n az, hogy jobb \u00e9letet ny\u00fajtson az \u00e1llatoknak, hanem hogy \u00f6szt\u00f6n\u00f6zze az embereket: legyenek tudatosabbak a k\u00f6rnyezet\u00fckre gyakorolt hat\u00e1sukban.<\/p><p class=\"translation-block\">Hossz\u00fa t\u00e1v\u00fa terve, hogy a Liska Parkot fenntarthat\u00f3 m\u00f3don tov\u00e1bb fejlessze, m\u00e9g t\u00f6bb vad\u00e1llat sz\u00e1m\u00e1ra biztos\u00edtson otthont, \u00e9s egy oktat\u00f3 k\u00f6zpontot hozzon l\u00e9tre a term\u00e9szetv\u00e9delem \u00e9s fajmeg\u0151rz\u00e9s t\u00e9m\u00e1j\u00e1ban.<\/p><p class=\"translation-block\">A Liska Park az ember \u00e9s a term\u00e9szet k\u00f6z\u00f6tti harm\u00f3nia szimb\u00f3luma, amely bizony\u00edtja, hogy a fenntarthat\u00f3 \u00e1lmok szenved\u00e9llyel, felel\u0151ss\u00e9ggel \u00e9s hossz\u00fa t\u00e1v\u00fa v\u00edzi\u00f3val val\u00f3s\u00e1gg\u00e1 v\u00e1lhatnak.<\/p>\t\t\t\t\t\t<\/div>\n\t\t\t\t<\/div>\n\t\t\t\t<\/div>\n\t\t\t\t\t<\/div>\n\t\t\t\t<\/div>\n\t\t<div class=\"elementor-element elementor-element-e81bf2e e-flex e-con-boxed e-con e-parent\" data-id=\"e81bf2e\" data-element_type=\"container\" data-core-v316-plus=\"true\">\n\t\t\t\t\t<div class=\"e-con-inner\">\n\t\t<div class=\"elementor-element elementor-element-7099b22 e-con-full e-flex e-con e-child\" data-id=\"7099b22\" data-element_type=\"container\">\n\t\t\t\t<div class=\"elementor-element elementor-element-73e950f elementor-widget elementor-widget-text-editor\" data-id=\"73e950f\" data-element_type=\"widget\" data-widget_type=\"text-editor.default\">\n\t\t\t\t<div class=\"elementor-widget-container\">\n\t\t\t\t\t\t\t<h3>Mihai Torjoc \u2013 A Liska Park fejleszt\u00e9s\u00e9nek partnere \u00e9s az autentikus gasztron\u00f3miai \u00e9lm\u00e9nyek megalkot\u00f3ja<\/h3><p>Mihai Torjoc j\u00f3l ismert n\u00e9v Rom\u00e1nia vend\u00e9gl\u00e1t\u00f3ipar\u00e1ban \u00e9s gasztron\u00f3miai vil\u00e1g\u00e1ban. T\u00f6bb mint egy \u00e9vtizedes tapasztalattal a h\u00e1ta m\u00f6g\u00f6tt, siker\u00fclt k\u00f6zelebb hoznia a rom\u00e1nokhoz az autentikus olasz \u00edzeket a Due Fratelli m\u00e1rk\u00e1n kereszt\u00fcl, amely h\u00edres a kiv\u00e1l\u00f3 \u00e9teleir\u0151l \u00e9s k\u00fcl\u00f6nleges atmoszf\u00e9r\u00e1j\u00e1r\u00f3l.<\/p><p>V\u00e1llalkoz\u00f3i v\u00edzi\u00f3ja azonban nem \u00e1llt meg a gasztron\u00f3mi\u00e1n\u00e1l. 2023-ban elind\u00edtotta a Due Fratelli Village Resort-ot, egy term\u00e9szetk\u00f6zeli turisztikai komplexumot, amely egyedi \u00e9lm\u00e9nyt k\u00edn\u00e1l hagyom\u00e1nyos, korszer\u0171en fel\u00faj\u00edtott m\u00e1ramarosi h\u00e1zakban val\u00f3 elsz\u00e1ll\u00e1sol\u00e1ssal.<\/p><h3>Partners\u00e9g Christian Friedllel \u2013 K\u00f6z\u00f6s v\u00edzi\u00f3 a Liska Park\u00e9rt<\/h3><p>A Liska Park fejleszt\u00e9se sor\u00e1n Mihai Torjoc csatlakozott Christian Friedl v\u00e1llalkoz\u00f3hoz ebben a k\u00fcl\u00f6nleges projektben, hozz\u00e1j\u00e1rulva mind az \u00e9p\u00edtkez\u00e9shez, mind a l\u00e1togat\u00f3k sz\u00e1m\u00e1ra kialak\u00edtott pr\u00e9mium gasztron\u00f3miai \u00e9lm\u00e9ny megteremt\u00e9s\u00e9hez. Vend\u00e9gl\u00e1t\u00e1sban szerzett tapasztalata r\u00e9v\u00e9n Mihai egy autentikus kulin\u00e1ris koncepci\u00f3t integr\u00e1l a parkba, \u00edgy a Liska Park nemcsak az \u00e1llatok mened\u00e9ke, hanem a l\u00e1togat\u00f3k pihen\u00e9s\u00e9nek \u00e9s k\u00e9nyeztet\u00e9s\u00e9nek helysz\u00edne is lesz.<\/p><p>R\u00e9szv\u00e9tele a projektben t\u00fckr\u00f6zi az innov\u00e1ci\u00f3 ir\u00e1nti szenved\u00e9ly\u00e9t \u00e9s azt a v\u00e1gy\u00e1t, hogy olyan k\u00fcl\u00f6nleges helyeket hozzon l\u00e9tre, ahol a term\u00e9szet, a kult\u00fara \u00e9s a gasztron\u00f3mia harmonikusan tal\u00e1lkozik. A Liska Park \u00edgy nemcsak az \u00e1llatv\u00e9delem szimb\u00f3lum\u00e1v\u00e1 v\u00e1lik, hanem autentikus \u00e9lm\u00e9nyek sz\u00ednter\u00e9v\u00e9 is \u2013 Mihai Torjoc \u00e9s Christian Friedl egy\u00fcttm\u0171k\u00f6d\u00e9s\u00e9nek k\u00f6sz\u00f6nhet\u0151en.<\/p>\t\t\t\t\t\t<\/div>\n\t\t\t\t<\/div>\n\t\t\t\t<\/div>\n\t\t<div class=\"elementor-element elementor-element-1f65b06 e-con-full e-flex e-con e-child\" data-id=\"1f65b06\" data-element_type=\"container\">\n\t\t\t\t<div class=\"elementor-element elementor-element-7a4b891 elementor-widget elementor-widget-image\" data-id=\"7a4b891\" data-element_type=\"widget\" data-widget_type=\"image.default\">\n\t\t\t\t<div class=\"elementor-widget-container\">\n\t\t\t\t\t\t\t\t\t\t\t\t\t<img decoding=\"async\" width=\"600\" height=\"705\" src=\"https:\/\/safari.dulcedulce.ro\/wp-content\/uploads\/2025\/03\/Mihai.jpg\" class=\"attachment-large size-large wp-image-5942\" alt=\"\" srcset=\"https:\/\/safari.dulcedulce.ro\/wp-content\/uploads\/2025\/03\/Mihai.jpg 600w, https:\/\/safari.dulcedulce.ro\/wp-content\/uploads\/2025\/03\/Mihai-255x300.jpg 255w, https:\/\/safari.dulcedulce.ro\/wp-content\/uploads\/2025\/03\/Mihai-10x12.jpg 10w\" sizes=\"(max-width: 600px) 100vw, 600px\" \/>\t\t\t\t\t\t\t\t\t\t\t\t\t<\/div>\n\t\t\t\t<\/div>\n\t\t\t\t<\/div>\n\t\t\t\t\t<\/div>\n\t\t\t\t<\/div>\n\t\t\t\t<section class=\"elementor-section elementor-top-section elementor-element elementor-element-e8bed6c elementor-section-boxed elementor-section-height-default elementor-section-height-default\" data-id=\"e8bed6c\" data-element_type=\"section\">\n\t\t\t\t\t\t<div class=\"elementor-container elementor-column-gap-default\">\n\t\t\t\t\t<div class=\"elementor-column elementor-col-100 elementor-top-column elementor-element elementor-element-3f78644e\" data-id=\"3f78644e\" data-element_type=\"column\">\n\t\t\t<div class=\"elementor-widget-wrap elementor-element-populated\">\n\t\t\t\t\t\t<div class=\"elementor-element elementor-element-6e12cb4a elementor-widget elementor-widget-wildworld_heading\" data-id=\"6e12cb4a\" data-element_type=\"widget\" data-widget_type=\"wildworld_heading.default\">\n\t\t\t\t<div class=\"elementor-widget-container\">\n\t\t\t\n        <div class=\"wildworld_heading_widget\">\n                                <div class=\"wildworld_up_heading\">\n                        Partnereink                    <\/div>\n                                    <h3 class=\"wildworld_heading translation-block\">Sz\u00f6vets\u00e9geseink az \u00e1llatok ir\u00e1nti szeretetben<\/h3>\n                        <\/div>\n        \t\t<\/div>\n\t\t\t\t<\/div>\n\t\t\t\t\t<\/div>\n\t\t<\/div>\n\t\t\t\t\t<\/div>\n\t\t<\/section>\n\t\t\t\t<section class=\"elementor-section elementor-top-section elementor-element elementor-element-63bf61c7 elementor-section-content-middle elementor-section-boxed elementor-section-height-default elementor-section-height-default\" data-id=\"63bf61c7\" data-element_type=\"section\">\n\t\t\t\t\t\t<div class=\"elementor-container elementor-column-gap-default\">\n\t\t\t\t\t<div class=\"elementor-column elementor-col-20 elementor-top-column elementor-element elementor-element-25e5d890\" data-id=\"25e5d890\" data-element_type=\"column\">\n\t\t\t<div class=\"elementor-widget-wrap\">\n\t\t\t\t\t\t\t<\/div>\n\t\t<\/div>\n\t\t\t\t<div class=\"elementor-column elementor-col-20 elementor-top-column elementor-element elementor-element-6579b823\" data-id=\"6579b823\" data-element_type=\"column\">\n\t\t\t<div class=\"elementor-widget-wrap elementor-element-populated\">\n\t\t\t\t\t\t<div class=\"elementor-element elementor-element-1159c859 elementor-widget elementor-widget-image\" data-id=\"1159c859\" data-element_type=\"widget\" data-widget_type=\"image.default\">\n\t\t\t\t<div class=\"elementor-widget-container\">\n\t\t\t\t\t\t\t\t\t\t\t\t\t<img decoding=\"async\" width=\"200\" height=\"100\" src=\"https:\/\/safari.dulcedulce.ro\/wp-content\/uploads\/2024\/03\/gut-aiderbichl.png\" class=\"attachment-large size-large wp-image-4176\" alt=\"\" \/>\t\t\t\t\t\t\t\t\t\t\t\t\t<\/div>\n\t\t\t\t<\/div>\n\t\t\t\t\t<\/div>\n\t\t<\/div>\n\t\t\t\t<div class=\"elementor-column elementor-col-20 elementor-top-column elementor-element elementor-element-51ce563d\" data-id=\"51ce563d\" data-element_type=\"column\">\n\t\t\t<div class=\"elementor-widget-wrap elementor-element-populated\">\n\t\t\t\t\t\t<div class=\"elementor-element elementor-element-66489155 elementor-widget elementor-widget-image\" data-id=\"66489155\" data-element_type=\"widget\" data-widget_type=\"image.default\">\n\t\t\t\t<div class=\"elementor-widget-container\">\n\t\t\t\t\t\t\t\t\t\t\t\t\t<img loading=\"lazy\" decoding=\"async\" width=\"230\" height=\"263\" src=\"https:\/\/safari.dulcedulce.ro\/wp-content\/uploads\/2025\/02\/Liska-Park-Logo-dark-MD.png\" class=\"attachment-large size-large wp-image-5890\" alt=\"\" srcset=\"https:\/\/safari.dulcedulce.ro\/wp-content\/uploads\/2025\/02\/Liska-Park-Logo-dark-MD.png 230w, https:\/\/safari.dulcedulce.ro\/wp-content\/uploads\/2025\/02\/Liska-Park-Logo-dark-MD-10x12.png 10w\" sizes=\"(max-width: 230px) 100vw, 230px\" \/>\t\t\t\t\t\t\t\t\t\t\t\t\t<\/div>\n\t\t\t\t<\/div>\n\t\t\t\t\t<\/div>\n\t\t<\/div>\n\t\t\t\t<div class=\"elementor-column elementor-col-20 elementor-top-column elementor-element elementor-element-3f8cd5ac\" data-id=\"3f8cd5ac\" data-element_type=\"column\">\n\t\t\t<div class=\"elementor-widget-wrap elementor-element-populated\">\n\t\t\t\t\t\t<div class=\"elementor-element elementor-element-4a6cd147 elementor-widget elementor-widget-image\" data-id=\"4a6cd147\" data-element_type=\"widget\" data-widget_type=\"image.default\">\n\t\t\t\t<div class=\"elementor-widget-container\">\n\t\t\t\t\t\t\t\t\t\t\t\t\t<img loading=\"lazy\" decoding=\"async\" width=\"200\" height=\"100\" src=\"https:\/\/safari.dulcedulce.ro\/wp-content\/uploads\/2024\/03\/due-fratelli-1.png\" class=\"attachment-large size-large wp-image-4182\" alt=\"\" \/>\t\t\t\t\t\t\t\t\t\t\t\t\t<\/div>\n\t\t\t\t<\/div>\n\t\t\t\t\t<\/div>\n\t\t<\/div>\n\t\t\t\t<div class=\"elementor-column elementor-col-20 elementor-top-column elementor-element elementor-element-415f4fe3\" data-id=\"415f4fe3\" data-element_type=\"column\">\n\t\t\t<div class=\"elementor-widget-wrap\">\n\t\t\t\t\t\t\t<\/div>\n\t\t<\/div>\n\t\t\t\t\t<\/div>\n\t\t<\/section>\n\t\t\t\t<\/div>","protected":false},"excerpt":{"rendered":"<p>Christian Friedl \u2013 Fondatorul Liska Park Liska Park \u2013 Viziunea lui Christian Friedl despre un spa\u021biu armonios pentru animale \u0219i oameni Parcul Liska este mult mai mult dec\u00e2t un proiect [&hellip;]<\/p>","protected":false},"author":1,"featured_media":5677,"parent":0,"menu_order":0,"comment_status":"closed","ping_status":"closed","template":"","meta":{"ngg_post_thumbnail":0,"footnotes":""},"class_list":["post-46","page","type-page","status-publish","has-post-thumbnail","hentry"],"_links":{"self":[{"href":"https:\/\/safari.dulcedulce.ro\/hu\/wp-json\/wp\/v2\/pages\/46","targetHints":{"allow":["GET"]}}],"collection":[{"href":"https:\/\/safari.dulcedulce.ro\/hu\/wp-json\/wp\/v2\/pages"}],"about":[{"href":"https:\/\/safari.dulcedulce.ro\/hu\/wp-json\/wp\/v2\/types\/page"}],"author":[{"embeddable":true,"href":"https:\/\/safari.dulcedulce.ro\/hu\/wp-json\/wp\/v2\/users\/1"}],"replies":[{"embeddable":true,"href":"https:\/\/safari.dulcedulce.ro\/hu\/wp-json\/wp\/v2\/comments?post=46"}],"version-history":[{"count":197,"href":"https:\/\/safari.dulcedulce.ro\/hu\/wp-json\/wp\/v2\/pages\/46\/revisions"}],"predecessor-version":[{"id":6544,"href":"https:\/\/safari.dulcedulce.ro\/hu\/wp-json\/wp\/v2\/pages\/46\/revisions\/6544"}],"wp:featuredmedia":[{"embeddable":true,"href":"https:\/\/safari.dulcedulce.ro\/hu\/wp-json\/wp\/v2\/media\/5677"}],"wp:attachment":[{"href":"https:\/\/safari.dulcedulce.ro\/hu\/wp-json\/wp\/v2\/media?parent=46"}],"curies":[{"name":"wp","href":"https:\/\/api.w.org\/{rel}","templated":true}]}}