{"id":46,"date":"2020-10-20T10:16:29","date_gmt":"2020-10-20T10:16:29","guid":{"rendered":"https:\/\/demo.artureanec.com\/themes\/wildworld\/?page_id=46"},"modified":"2025-03-21T11:42:18","modified_gmt":"2025-03-21T09:42:18","slug":"despre-noi","status":"publish","type":"page","link":"https:\/\/safari.dulcedulce.ro\/en\/about-us\/","title":{"rendered":"About us"},"content":{"rendered":"<div data-elementor-type=\"wp-page\" data-elementor-id=\"46\" class=\"elementor elementor-46\">\n\t\t\t\t<div class=\"elementor-element elementor-element-a2cec26 e-flex e-con-boxed e-con e-parent\" data-id=\"a2cec26\" data-element_type=\"container\" data-core-v316-plus=\"true\">\n\t\t\t\t\t<div class=\"e-con-inner\">\n\t\t<div class=\"elementor-element elementor-element-530c471 e-con-full e-flex e-con e-child\" data-id=\"530c471\" data-element_type=\"container\">\n\t\t\t\t<div class=\"elementor-element elementor-element-e6032a2 elementor-widget elementor-widget-image\" data-id=\"e6032a2\" data-element_type=\"widget\" data-widget_type=\"image.default\">\n\t\t\t\t<div class=\"elementor-widget-container\">\n\t\t\t<style>\/*! elementor - v3.20.0 - 20-03-2024 *\/\n.elementor-widget-image{text-align:center}.elementor-widget-image a{display:inline-block}.elementor-widget-image a img[src$=\".svg\"]{width:48px}.elementor-widget-image img{vertical-align:middle;display:inline-block}<\/style>\t\t\t\t\t\t\t\t\t\t<img fetchpriority=\"high\" decoding=\"async\" width=\"270\" height=\"270\" src=\"https:\/\/safari.dulcedulce.ro\/wp-content\/uploads\/2024\/04\/Christian-Friedl.jpg\" class=\"attachment-large size-large wp-image-5659\" alt=\"\" srcset=\"https:\/\/safari.dulcedulce.ro\/wp-content\/uploads\/2024\/04\/Christian-Friedl.jpg 270w, https:\/\/safari.dulcedulce.ro\/wp-content\/uploads\/2024\/04\/Christian-Friedl-150x150.jpg 150w, https:\/\/safari.dulcedulce.ro\/wp-content\/uploads\/2024\/04\/Christian-Friedl-12x12.jpg 12w, https:\/\/safari.dulcedulce.ro\/wp-content\/uploads\/2024\/04\/Christian-Friedl-100x100.jpg 100w\" sizes=\"(max-width: 270px) 100vw, 270px\" \/>\t\t\t\t\t\t\t\t\t\t\t\t\t<\/div>\n\t\t\t\t<\/div>\n\t\t\t\t<\/div>\n\t\t<div class=\"elementor-element elementor-element-a03f30a e-con-full e-flex e-con e-child\" data-id=\"a03f30a\" data-element_type=\"container\">\n\t\t\t\t<div class=\"elementor-element elementor-element-7218739 elementor-widget elementor-widget-text-editor\" data-id=\"7218739\" data-element_type=\"widget\" data-widget_type=\"text-editor.default\">\n\t\t\t\t<div class=\"elementor-widget-container\">\n\t\t\t<style>\/*! elementor - v3.20.0 - 20-03-2024 *\/\n.elementor-widget-text-editor.elementor-drop-cap-view-stacked .elementor-drop-cap{background-color:#69727d;color:#fff}.elementor-widget-text-editor.elementor-drop-cap-view-framed .elementor-drop-cap{color:#69727d;border:3px solid;background-color:transparent}.elementor-widget-text-editor:not(.elementor-drop-cap-view-default) .elementor-drop-cap{margin-top:8px}.elementor-widget-text-editor:not(.elementor-drop-cap-view-default) .elementor-drop-cap-letter{width:1em;height:1em}.elementor-widget-text-editor .elementor-drop-cap{float:left;text-align:center;line-height:1;font-size:50px}.elementor-widget-text-editor .elementor-drop-cap-letter{display:inline-block}<\/style>\t\t\t\t<h3>Christian Friedl \u2013 Founder of Liska Park<\/h3><p><strong>Liska Park \u2013 Christian Friedl\u2019s Vision of a Harmonious Space for Animals and Humans<\/strong><\/p><p class=\"translation-block\">Parcul Liska este mult mai mult dec\u00e2t un proiect obi\u0219nuit de conservare a naturii \u0219i a faunei s\u0103lbatice \u2013 este viziunea de o via\u021b\u0103 a lui Christian Friedl. \u00cen calitate de antreprenor de succes \u00een domeniul imobiliar \u0219i al designului interior \u00een regiunile alpine, acesta \u0219i-a investit experien\u021ba, pasiunea \u0219i angajamentul financiar \u00een acest proiect unic. Cu toate acestea, un astfel de proiect nu poate fi construit de unul singur \u2013 \u00eentotdeauna al\u0103turi de el este so\u021bia sa, Karin Friedl, care a fost un sprijin vital pe parcursul \u00eentregii dezvolt\u0103ri a parcului.<br><br>Construirea <strong>Liska Park<\/strong> este un proiect de mare anvergur\u0103, finan\u021bat integral din resurse private, pe care Christian Friedl \u00eel sus\u021bine din fonduri proprii. Deoarece bun\u0103starea animalelor \u00eei este deosebit de important\u0103, el investe\u0219te nu doar din punct de vedere financiar, ci \u0219i prin experien\u021ba sa ca dezvoltator \u0219i manager de proiect. De-a lungul anilor, \u0219i-a dedicat timpul \u0219i resursele pentru a transforma <strong>Liska Park<\/strong> \u00een ceea ce poate fi considerat, f\u0103r\u0103 \u00eendoial\u0103, opera sa de via\u021b\u0103.<\/p><h3>A Legacy for Future Generations<\/h3><p class=\"translation-block\">Pentru Christian Friedl, <strong>Liska Park<\/strong> nu este doar un proiect, ci <strong>opera sa de via\u021b\u0103<\/strong>. El \u00eembin\u0103 pasiunea sa pentru construc\u021bii sustenabile, dragostea pentru natur\u0103 \u0219i angajamentul pentru protec\u021bia animalelor \u00eentr-un concept unic. Scopul s\u0103u nu este doar <strong>s\u0103 ofere animalelor o via\u021b\u0103 mai bun\u0103<\/strong>, ci \u0219i s\u0103 inspire oamenii s\u0103 fie mai con\u0219tien\u021bi de impactul lor asupra mediului \u00eenconjur\u0103tor.<\/p><p class=\"translation-block\">Planul s\u0103u pe termen lung este s\u0103 dezvolte <strong>Liska Park<\/strong> \u00eentr-un mod sustenabil, oferind ad\u0103post pentru \u0219i mai multe animale s\u0103lbatice \u0219i, \u00een acela\u0219i timp, cre\u00e2nd un centru educa\u021bional dedicat conserv\u0103rii naturii \u0219i protec\u021biei speciilor.<\/p><p class=\"translation-block\"><strong>Liska Park<\/strong> este un simbol al <strong>armoniei dintre om \u0219i natur\u0103<\/strong> \u0219i demonstreaz\u0103 c\u0103 <strong>proiectele sustenabile pot deveni realitate prin pasiune, responsabilitate \u0219i viziune pe termen lung<\/strong>.<\/p>\t\t\t\t\t\t<\/div>\n\t\t\t\t<\/div>\n\t\t\t\t<\/div>\n\t\t\t\t\t<\/div>\n\t\t\t\t<\/div>\n\t\t<div class=\"elementor-element elementor-element-e81bf2e e-flex e-con-boxed e-con e-parent\" data-id=\"e81bf2e\" data-element_type=\"container\" data-core-v316-plus=\"true\">\n\t\t\t\t\t<div class=\"e-con-inner\">\n\t\t<div class=\"elementor-element elementor-element-7099b22 e-con-full e-flex e-con e-child\" data-id=\"7099b22\" data-element_type=\"container\">\n\t\t\t\t<div class=\"elementor-element elementor-element-73e950f elementor-widget elementor-widget-text-editor\" data-id=\"73e950f\" data-element_type=\"widget\" data-widget_type=\"text-editor.default\">\n\t\t\t\t<div class=\"elementor-widget-container\">\n\t\t\t\t\t\t\t<h3>Mihai Torjoc \u2013 Partner in the Development of Liska Park and Creator of Authentic Gastronomic Experiences<\/h3><p>Mihai Torjoc is a well-known name in the world of hospitality and gastronomy in Romania. With over a decade of experience in the industry, he has successfully brought the authentic taste of Italy closer to Romanians through Due Fratelli, a brand recognized for the quality of its dishes and the exceptional atmosphere it offers its customers.<\/p><p>His entrepreneurial vision did not stop at gastronomy. In 2023, Mihai launched Due Fratelli Village Resort, a unique tourist complex surrounded by nature, offering an authentic experience through accommodation in renovated traditional Maramure\u0219-style houses equipped with modern amenities.<\/p><h3>Partnership with Christian Friedl \u2013 A Shared Vision for Liska Park<\/h3><p>With the development of Liska Park, Mihai Torjoc joined entrepreneur Christian Friedl in this impressive project, contributing both to construction and to creating a premium gastronomic experience for visitors. With his expertise in hospitality, Mihai is responsible for integrating an authentic culinary concept within the park, ensuring that Liska Park is not only a sanctuary for animals but also a place of relaxation and indulgence for visitors.<\/p><p>His involvement in this project reflects his passion for innovation and his desire to create special places where nature, culture, and gastronomy intertwine harmoniously. Thus, Liska Park becomes not just a symbol of animal protection but also a space dedicated to authentic experiences, thanks to the collaboration between Mihai Torjoc and Christian Friedl.<\/p>\t\t\t\t\t\t<\/div>\n\t\t\t\t<\/div>\n\t\t\t\t<\/div>\n\t\t<div class=\"elementor-element elementor-element-1f65b06 e-con-full e-flex e-con e-child\" data-id=\"1f65b06\" data-element_type=\"container\">\n\t\t\t\t<div class=\"elementor-element elementor-element-7a4b891 elementor-widget elementor-widget-image\" data-id=\"7a4b891\" data-element_type=\"widget\" data-widget_type=\"image.default\">\n\t\t\t\t<div class=\"elementor-widget-container\">\n\t\t\t\t\t\t\t\t\t\t\t\t\t<img decoding=\"async\" width=\"600\" height=\"705\" src=\"https:\/\/safari.dulcedulce.ro\/wp-content\/uploads\/2025\/03\/Mihai.jpg\" class=\"attachment-large size-large wp-image-5942\" alt=\"\" srcset=\"https:\/\/safari.dulcedulce.ro\/wp-content\/uploads\/2025\/03\/Mihai.jpg 600w, https:\/\/safari.dulcedulce.ro\/wp-content\/uploads\/2025\/03\/Mihai-255x300.jpg 255w, https:\/\/safari.dulcedulce.ro\/wp-content\/uploads\/2025\/03\/Mihai-10x12.jpg 10w\" sizes=\"(max-width: 600px) 100vw, 600px\" \/>\t\t\t\t\t\t\t\t\t\t\t\t\t<\/div>\n\t\t\t\t<\/div>\n\t\t\t\t<\/div>\n\t\t\t\t\t<\/div>\n\t\t\t\t<\/div>\n\t\t\t\t<section class=\"elementor-section elementor-top-section elementor-element elementor-element-e8bed6c elementor-section-boxed elementor-section-height-default elementor-section-height-default\" data-id=\"e8bed6c\" data-element_type=\"section\">\n\t\t\t\t\t\t<div class=\"elementor-container elementor-column-gap-default\">\n\t\t\t\t\t<div class=\"elementor-column elementor-col-100 elementor-top-column elementor-element elementor-element-3f78644e\" data-id=\"3f78644e\" data-element_type=\"column\">\n\t\t\t<div class=\"elementor-widget-wrap elementor-element-populated\">\n\t\t\t\t\t\t<div class=\"elementor-element elementor-element-6e12cb4a elementor-widget elementor-widget-wildworld_heading\" data-id=\"6e12cb4a\" data-element_type=\"widget\" data-widget_type=\"wildworld_heading.default\">\n\t\t\t\t<div class=\"elementor-widget-container\">\n\t\t\t\n        <div class=\"wildworld_heading_widget\">\n                                <div class=\"wildworld_up_heading\">\n                        OUR PARTNERS                    <\/div>\n                                    <h3 class=\"wildworld_heading translation-block\">Aliatii nostri in <span>dragostea pentru animale<\/span><\/h3>\n                        <\/div>\n        \t\t<\/div>\n\t\t\t\t<\/div>\n\t\t\t\t\t<\/div>\n\t\t<\/div>\n\t\t\t\t\t<\/div>\n\t\t<\/section>\n\t\t\t\t<section class=\"elementor-section elementor-top-section elementor-element elementor-element-63bf61c7 elementor-section-content-middle elementor-section-boxed elementor-section-height-default elementor-section-height-default\" data-id=\"63bf61c7\" data-element_type=\"section\">\n\t\t\t\t\t\t<div class=\"elementor-container elementor-column-gap-default\">\n\t\t\t\t\t<div class=\"elementor-column elementor-col-20 elementor-top-column elementor-element elementor-element-25e5d890\" data-id=\"25e5d890\" data-element_type=\"column\">\n\t\t\t<div class=\"elementor-widget-wrap\">\n\t\t\t\t\t\t\t<\/div>\n\t\t<\/div>\n\t\t\t\t<div class=\"elementor-column elementor-col-20 elementor-top-column elementor-element elementor-element-6579b823\" data-id=\"6579b823\" data-element_type=\"column\">\n\t\t\t<div class=\"elementor-widget-wrap elementor-element-populated\">\n\t\t\t\t\t\t<div class=\"elementor-element elementor-element-1159c859 elementor-widget elementor-widget-image\" data-id=\"1159c859\" data-element_type=\"widget\" data-widget_type=\"image.default\">\n\t\t\t\t<div class=\"elementor-widget-container\">\n\t\t\t\t\t\t\t\t\t\t\t\t\t<img decoding=\"async\" width=\"200\" height=\"100\" src=\"https:\/\/safari.dulcedulce.ro\/wp-content\/uploads\/2024\/03\/gut-aiderbichl.png\" class=\"attachment-large size-large wp-image-4176\" alt=\"\" \/>\t\t\t\t\t\t\t\t\t\t\t\t\t<\/div>\n\t\t\t\t<\/div>\n\t\t\t\t\t<\/div>\n\t\t<\/div>\n\t\t\t\t<div class=\"elementor-column elementor-col-20 elementor-top-column elementor-element elementor-element-51ce563d\" data-id=\"51ce563d\" data-element_type=\"column\">\n\t\t\t<div class=\"elementor-widget-wrap elementor-element-populated\">\n\t\t\t\t\t\t<div class=\"elementor-element elementor-element-66489155 elementor-widget elementor-widget-image\" data-id=\"66489155\" data-element_type=\"widget\" data-widget_type=\"image.default\">\n\t\t\t\t<div class=\"elementor-widget-container\">\n\t\t\t\t\t\t\t\t\t\t\t\t\t<img loading=\"lazy\" decoding=\"async\" width=\"230\" height=\"263\" src=\"https:\/\/safari.dulcedulce.ro\/wp-content\/uploads\/2025\/02\/Liska-Park-Logo-dark-MD.png\" class=\"attachment-large size-large wp-image-5890\" alt=\"\" srcset=\"https:\/\/safari.dulcedulce.ro\/wp-content\/uploads\/2025\/02\/Liska-Park-Logo-dark-MD.png 230w, https:\/\/safari.dulcedulce.ro\/wp-content\/uploads\/2025\/02\/Liska-Park-Logo-dark-MD-10x12.png 10w\" sizes=\"(max-width: 230px) 100vw, 230px\" \/>\t\t\t\t\t\t\t\t\t\t\t\t\t<\/div>\n\t\t\t\t<\/div>\n\t\t\t\t\t<\/div>\n\t\t<\/div>\n\t\t\t\t<div class=\"elementor-column elementor-col-20 elementor-top-column elementor-element elementor-element-3f8cd5ac\" data-id=\"3f8cd5ac\" data-element_type=\"column\">\n\t\t\t<div class=\"elementor-widget-wrap elementor-element-populated\">\n\t\t\t\t\t\t<div class=\"elementor-element elementor-element-4a6cd147 elementor-widget elementor-widget-image\" data-id=\"4a6cd147\" data-element_type=\"widget\" data-widget_type=\"image.default\">\n\t\t\t\t<div class=\"elementor-widget-container\">\n\t\t\t\t\t\t\t\t\t\t\t\t\t<img loading=\"lazy\" decoding=\"async\" width=\"200\" height=\"100\" src=\"https:\/\/safari.dulcedulce.ro\/wp-content\/uploads\/2024\/03\/due-fratelli-1.png\" class=\"attachment-large size-large wp-image-4182\" alt=\"\" \/>\t\t\t\t\t\t\t\t\t\t\t\t\t<\/div>\n\t\t\t\t<\/div>\n\t\t\t\t\t<\/div>\n\t\t<\/div>\n\t\t\t\t<div class=\"elementor-column elementor-col-20 elementor-top-column elementor-element elementor-element-415f4fe3\" data-id=\"415f4fe3\" data-element_type=\"column\">\n\t\t\t<div class=\"elementor-widget-wrap\">\n\t\t\t\t\t\t\t<\/div>\n\t\t<\/div>\n\t\t\t\t\t<\/div>\n\t\t<\/section>\n\t\t\t\t<\/div>","protected":false},"excerpt":{"rendered":"<p>Christian Friedl \u2013 Fondatorul Liska Park Liska Park \u2013 Viziunea lui Christian Friedl despre un spa\u021biu armonios pentru animale \u0219i oameni Parcul Liska este mult mai mult dec\u00e2t un proiect [&hellip;]<\/p>","protected":false},"author":1,"featured_media":5677,"parent":0,"menu_order":0,"comment_status":"closed","ping_status":"closed","template":"","meta":{"ngg_post_thumbnail":0,"footnotes":""},"class_list":["post-46","page","type-page","status-publish","has-post-thumbnail","hentry"],"_links":{"self":[{"href":"https:\/\/safari.dulcedulce.ro\/en\/wp-json\/wp\/v2\/pages\/46","targetHints":{"allow":["GET"]}}],"collection":[{"href":"https:\/\/safari.dulcedulce.ro\/en\/wp-json\/wp\/v2\/pages"}],"about":[{"href":"https:\/\/safari.dulcedulce.ro\/en\/wp-json\/wp\/v2\/types\/page"}],"author":[{"embeddable":true,"href":"https:\/\/safari.dulcedulce.ro\/en\/wp-json\/wp\/v2\/users\/1"}],"replies":[{"embeddable":true,"href":"https:\/\/safari.dulcedulce.ro\/en\/wp-json\/wp\/v2\/comments?post=46"}],"version-history":[{"count":197,"href":"https:\/\/safari.dulcedulce.ro\/en\/wp-json\/wp\/v2\/pages\/46\/revisions"}],"predecessor-version":[{"id":6544,"href":"https:\/\/safari.dulcedulce.ro\/en\/wp-json\/wp\/v2\/pages\/46\/revisions\/6544"}],"wp:featuredmedia":[{"embeddable":true,"href":"https:\/\/safari.dulcedulce.ro\/en\/wp-json\/wp\/v2\/media\/5677"}],"wp:attachment":[{"href":"https:\/\/safari.dulcedulce.ro\/en\/wp-json\/wp\/v2\/media?parent=46"}],"curies":[{"name":"wp","href":"https:\/\/api.w.org\/{rel}","templated":true}]}}