{"id":6654,"date":"2025-04-10T13:25:12","date_gmt":"2025-04-10T10:25:12","guid":{"rendered":"https:\/\/safari.dulcedulce.ro\/?page_id=6654"},"modified":"2025-04-16T12:33:31","modified_gmt":"2025-04-16T09:33:31","slug":"bar-cu-gustari","status":"publish","type":"page","link":"https:\/\/safari.dulcedulce.ro\/de\/bar-cu-gustari\/","title":{"rendered":"Bar cu gust\u0103ri"},"content":{"rendered":"<div data-elementor-type=\"wp-page\" data-elementor-id=\"6654\" class=\"elementor elementor-6654\">\n\t\t\t\t<div class=\"elementor-element elementor-element-1237b9c e-flex e-con-boxed e-con e-parent\" data-id=\"1237b9c\" data-element_type=\"container\" data-core-v316-plus=\"true\">\n\t\t\t\t\t<div class=\"e-con-inner\">\n\t\t\t\t<div class=\"elementor-element elementor-element-bc89ded elementor-widget elementor-widget-text-editor\" data-id=\"bc89ded\" data-element_type=\"widget\" data-widget_type=\"text-editor.default\">\n\t\t\t\t<div class=\"elementor-widget-container\">\n\t\t\t<style>\/*! elementor - v3.20.0 - 20-03-2024 *\/\n.elementor-widget-text-editor.elementor-drop-cap-view-stacked .elementor-drop-cap{background-color:#69727d;color:#fff}.elementor-widget-text-editor.elementor-drop-cap-view-framed .elementor-drop-cap{color:#69727d;border:3px solid;background-color:transparent}.elementor-widget-text-editor:not(.elementor-drop-cap-view-default) .elementor-drop-cap{margin-top:8px}.elementor-widget-text-editor:not(.elementor-drop-cap-view-default) .elementor-drop-cap-letter{width:1em;height:1em}.elementor-widget-text-editor .elementor-drop-cap{float:left;text-align:center;line-height:1;font-size:50px}.elementor-widget-text-editor .elementor-drop-cap-letter{display:inline-block}<\/style>\t\t\t\t<p><strong>Snack-Bar im Liska Park<br \/><br \/><\/strong>Ob zwischen Abenteuern oder einfach Lust auf etwas Leckeres \u2013 unser Snack-Bar im Liska Park hat genau das Richtige f\u00fcr Sie.<\/p><p>Klassische Burger, knusprige Pommes, erfrischende Getr\u00e4nke und vieles mehr \u2013 alles frisch zubereitet und bereit zum Mitnehmen oder Genie\u00dfen auf unserer sonnigen Terrasse.<\/p><p>Perfekt f\u00fcr Familien, Wanderer oder alle, die eine k\u00f6stliche Pause w\u00e4hrend eines Tages im Park brauchen.<\/p><p>\ud83d\udd18 Unsere Speisekarte ansehen<br \/>\ud83d\udd18 Finden Sie uns im Park<\/p>\t\t\t\t\t\t<\/div>\n\t\t\t\t<\/div>\n\t\t\t\t\t<\/div>\n\t\t\t\t<\/div>\n\t\t\t\t<\/div>","protected":false},"excerpt":{"rendered":"<p>Bar cu gust\u0103ri \u00een Liska Park Fie c\u0103 sunte\u021bi \u00eentre aventuri sau pur \u0219i simplu ave\u021bi poft\u0103 de ceva gustos, snack-barul nostru Liska Park are ceea ce v\u0103 trebuie. Burgeri [&hellip;]<\/p>","protected":false},"author":1,"featured_media":6691,"parent":0,"menu_order":0,"comment_status":"closed","ping_status":"closed","template":"","meta":{"ngg_post_thumbnail":0,"footnotes":""},"class_list":["post-6654","page","type-page","status-publish","has-post-thumbnail","hentry"],"_links":{"self":[{"href":"https:\/\/safari.dulcedulce.ro\/de\/wp-json\/wp\/v2\/pages\/6654","targetHints":{"allow":["GET"]}}],"collection":[{"href":"https:\/\/safari.dulcedulce.ro\/de\/wp-json\/wp\/v2\/pages"}],"about":[{"href":"https:\/\/safari.dulcedulce.ro\/de\/wp-json\/wp\/v2\/types\/page"}],"author":[{"embeddable":true,"href":"https:\/\/safari.dulcedulce.ro\/de\/wp-json\/wp\/v2\/users\/1"}],"replies":[{"embeddable":true,"href":"https:\/\/safari.dulcedulce.ro\/de\/wp-json\/wp\/v2\/comments?post=6654"}],"version-history":[{"count":8,"href":"https:\/\/safari.dulcedulce.ro\/de\/wp-json\/wp\/v2\/pages\/6654\/revisions"}],"predecessor-version":[{"id":6689,"href":"https:\/\/safari.dulcedulce.ro\/de\/wp-json\/wp\/v2\/pages\/6654\/revisions\/6689"}],"wp:featuredmedia":[{"embeddable":true,"href":"https:\/\/safari.dulcedulce.ro\/de\/wp-json\/wp\/v2\/media\/6691"}],"wp:attachment":[{"href":"https:\/\/safari.dulcedulce.ro\/de\/wp-json\/wp\/v2\/media?parent=6654"}],"curies":[{"name":"wp","href":"https:\/\/api.w.org\/{rel}","templated":true}]}}