{"id":6629,"date":"2025-04-10T10:06:46","date_gmt":"2025-04-10T07:06:46","guid":{"rendered":"https:\/\/safari.dulcedulce.ro\/?page_id=6629"},"modified":"2025-05-03T16:02:09","modified_gmt":"2025-05-03T13:02:09","slug":"harta","status":"publish","type":"page","link":"https:\/\/safari.dulcedulce.ro\/de\/harta\/","title":{"rendered":"Hart\u0103"},"content":{"rendered":"<div data-elementor-type=\"wp-page\" data-elementor-id=\"6629\" class=\"elementor elementor-6629\">\n\t\t\t\t\t\t<section class=\"elementor-section elementor-top-section elementor-element elementor-element-6a4b57e elementor-section-full_width elementor-section-stretched elementor-section-height-default elementor-section-height-default\" data-id=\"6a4b57e\" data-element_type=\"section\" data-settings=\"{&quot;stretch_section&quot;:&quot;section-stretched&quot;,&quot;background_background&quot;:&quot;classic&quot;}\">\n\t\t\t\t\t\t<div class=\"elementor-container elementor-column-gap-no\">\n\t\t\t\t\t<div class=\"elementor-column elementor-col-100 elementor-top-column elementor-element elementor-element-9f51721\" data-id=\"9f51721\" data-element_type=\"column\">\n\t\t\t<div class=\"elementor-widget-wrap\">\n\t\t\t\t\t\t\t<\/div>\n\t\t<\/div>\n\t\t\t\t\t<\/div>\n\t\t<\/section>\n\t\t<div class=\"elementor-element elementor-element-d3a7615 e-flex e-con-boxed e-con e-parent\" data-id=\"d3a7615\" data-element_type=\"container\" data-core-v316-plus=\"true\">\n\t\t\t\t\t<div class=\"e-con-inner\">\n\t\t\t\t<div class=\"elementor-element elementor-element-e0db453 elementor-widget elementor-widget-text-editor\" data-id=\"e0db453\" data-element_type=\"widget\" data-widget_type=\"text-editor.default\">\n\t\t\t\t<div class=\"elementor-widget-container\">\n\t\t\t<style>\/*! elementor - v3.20.0 - 20-03-2024 *\/\n.elementor-widget-text-editor.elementor-drop-cap-view-stacked .elementor-drop-cap{background-color:#69727d;color:#fff}.elementor-widget-text-editor.elementor-drop-cap-view-framed .elementor-drop-cap{color:#69727d;border:3px solid;background-color:transparent}.elementor-widget-text-editor:not(.elementor-drop-cap-view-default) .elementor-drop-cap{margin-top:8px}.elementor-widget-text-editor:not(.elementor-drop-cap-view-default) .elementor-drop-cap-letter{width:1em;height:1em}.elementor-widget-text-editor .elementor-drop-cap{float:left;text-align:center;line-height:1;font-size:50px}.elementor-widget-text-editor .elementor-drop-cap-letter{display:inline-block}<\/style>\t\t\t\t<p style=\"text-align: center;\"><strong>Willkommen im Liska Park!<\/strong><\/p><p style=\"text-align: center;\">Entdecken Sie unseren wundersch\u00f6nen Park und erleben Sie die Wildtiere und die Natur, die ihn so einzigartig machen. Wir freuen uns sehr, Sie bei uns begr\u00fc\u00dfen zu d\u00fcrfen!<\/p><p style=\"text-align: center;\"><strong>\u00d6ffnungszeiten:<\/strong><br \/>Sommer: 9:00 \u2013 19:00<br \/>Winter: 9:00 \u2013 17:00<\/p>\t\t\t\t\t\t<\/div>\n\t\t\t\t<\/div>\n\t\t\t\t\t<\/div>\n\t\t\t\t<\/div>\n\t\t<div class=\"elementor-element elementor-element-2106255 e-flex e-con-boxed e-con e-parent\" data-id=\"2106255\" data-element_type=\"container\" data-core-v316-plus=\"true\">\n\t\t\t\t\t<div class=\"e-con-inner\">\n\t\t\t\t<div class=\"elementor-element elementor-element-a5a830d elementor-widget elementor-widget-image\" data-id=\"a5a830d\" data-element_type=\"widget\" data-widget_type=\"image.default\">\n\t\t\t\t<div class=\"elementor-widget-container\">\n\t\t\t\t\t\t\t\t\t\t\t\t\t<img fetchpriority=\"high\" decoding=\"async\" width=\"1024\" height=\"551\" src=\"https:\/\/safari.dulcedulce.ro\/wp-content\/uploads\/2025\/05\/Liska-Park-harta-Zoo-Germana-1024x551.jpg\" class=\"attachment-large size-large wp-image-6898\" alt=\"\" srcset=\"https:\/\/safari.dulcedulce.ro\/wp-content\/uploads\/2025\/05\/Liska-Park-harta-Zoo-Germana-1024x551.jpg 1024w, https:\/\/safari.dulcedulce.ro\/wp-content\/uploads\/2025\/05\/Liska-Park-harta-Zoo-Germana-300x162.jpg 300w, https:\/\/safari.dulcedulce.ro\/wp-content\/uploads\/2025\/05\/Liska-Park-harta-Zoo-Germana-768x413.jpg 768w, https:\/\/safari.dulcedulce.ro\/wp-content\/uploads\/2025\/05\/Liska-Park-harta-Zoo-Germana-1536x827.jpg 1536w, https:\/\/safari.dulcedulce.ro\/wp-content\/uploads\/2025\/05\/Liska-Park-harta-Zoo-Germana-2048x1103.jpg 2048w, https:\/\/safari.dulcedulce.ro\/wp-content\/uploads\/2025\/05\/Liska-Park-harta-Zoo-Germana-18x10.jpg 18w, https:\/\/safari.dulcedulce.ro\/wp-content\/uploads\/2025\/05\/Liska-Park-harta-Zoo-Germana-600x323.jpg 600w\" sizes=\"(max-width: 1024px) 100vw, 1024px\" \/>\t\t\t\t\t\t\t\t\t\t\t\t\t<\/div>\n\t\t\t\t<\/div>\n\t\t\t\t\t<\/div>\n\t\t\t\t<\/div>\n\t\t\t\t<\/div>","protected":false},"excerpt":{"rendered":"<p>Bine a\u021bi venit \u00een Liska Park! Explora\u021bi frumosul nostru parc \u0219i descoperi\u021bi via\u021ba s\u0103lbatic\u0103 \u0219i natura care \u00eel fac unic. Suntem \u00eenc\u00e2nta\u021bi s\u0103 v\u0103 avem al\u0103turi de noi! Orele de [&hellip;]<\/p>","protected":false},"author":1,"featured_media":0,"parent":0,"menu_order":0,"comment_status":"closed","ping_status":"closed","template":"","meta":{"ngg_post_thumbnail":0,"footnotes":""},"class_list":["post-6629","page","type-page","status-publish","hentry"],"_links":{"self":[{"href":"https:\/\/safari.dulcedulce.ro\/de\/wp-json\/wp\/v2\/pages\/6629","targetHints":{"allow":["GET"]}}],"collection":[{"href":"https:\/\/safari.dulcedulce.ro\/de\/wp-json\/wp\/v2\/pages"}],"about":[{"href":"https:\/\/safari.dulcedulce.ro\/de\/wp-json\/wp\/v2\/types\/page"}],"author":[{"embeddable":true,"href":"https:\/\/safari.dulcedulce.ro\/de\/wp-json\/wp\/v2\/users\/1"}],"replies":[{"embeddable":true,"href":"https:\/\/safari.dulcedulce.ro\/de\/wp-json\/wp\/v2\/comments?post=6629"}],"version-history":[{"count":52,"href":"https:\/\/safari.dulcedulce.ro\/de\/wp-json\/wp\/v2\/pages\/6629\/revisions"}],"predecessor-version":[{"id":6928,"href":"https:\/\/safari.dulcedulce.ro\/de\/wp-json\/wp\/v2\/pages\/6629\/revisions\/6928"}],"wp:attachment":[{"href":"https:\/\/safari.dulcedulce.ro\/de\/wp-json\/wp\/v2\/media?parent=6629"}],"curies":[{"name":"wp","href":"https:\/\/api.w.org\/{rel}","templated":true}]}}