{"id":6216,"date":"2025-03-13T10:32:11","date_gmt":"2025-03-13T08:32:11","guid":{"rendered":"https:\/\/safari.dulcedulce.ro\/?page_id=6216"},"modified":"2025-03-24T13:50:07","modified_gmt":"2025-03-24T11:50:07","slug":"lucreaza-pentru-cazare-la-liska-park","status":"publish","type":"page","link":"https:\/\/safari.dulcedulce.ro\/de\/lucreaza-pentru-cazare-la-liska-park\/","title":{"rendered":"Lucreaz\u0103 pentru cazare la Liska Park"},"content":{"rendered":"<p><strong>Werde Teil unseres nachhaltigen Schutzprojekts!<\/strong><\/p>\r\n<p>Bist du begeistert von Tieren, Natur und einem nachhaltigen Lebensstil? M\u00f6chtest du Teil eines sinnvollen Projekts sein, bei dem du zur Erhaltung der Tierwelt und zum Recycling beitr\u00e4gst \u2013 und dabei einen einzigartigen Aufenthalt in der Natur genie\u00dfen kannst?<\/p>\r\n<p>Im Liska Park bieten wir engagierten Freiwilligen die M\u00f6glichkeit, im Austausch f\u00fcr ihre Mithilfe kostenlos zu \u00fcbernachten. Als Gegenleistung f\u00fcr deine Unterst\u00fctzung erlebst du das Leben in einer wundersch\u00f6nen nat\u00fcrlichen Umgebung und unterst\u00fctzt unsere Mission, ein nachhaltiges und tierfreundliches Umfeld zu schaffen.<\/p>\r\n<p><strong>Was du tun wirst:<\/strong><\/p>\r\n<p>Wenn du unserem \"Arbeiten f\u00fcr Unterkunft\"-Programm beitrittst, wirst du in verschiedene praktische Aufgaben eingebunden:<\/p>\r\n<p>\u2013 Hilfe bei der Pflege der Tiere: F\u00fcttern, Sauberhalten und Wohlbefinden sichern<\/p>\r\n<p>\u2013 Unterst\u00fctzung von Recyclingprojekten und Parkpflege \u2013 Abfall in Ressourcen verwandeln<\/p>\r\n<p>\u2013 Mitarbeit im Garten und Gestaltung naturnaher Lebensr\u00e4ume f\u00fcr Tiere und Besucher<\/p>\r\n<p><strong>Was du daf\u00fcr bekommst:<\/strong><\/p>\r\n<p>\u2013 Kostenlose Unterkunft in ruhiger, naturnaher Umgebung<\/p>\r\n<p>\u2013 Zusammenarbeit mit Tieren und Gleichgesinnten<\/p>\r\n<p>\u2013 Praktische Lernerfahrung im Bereich nachhaltiger Naturschutz und Recycling<\/p>\r\n<p>\u2013 Das gute Gef\u00fchl, einen wertvollen Beitrag zu leisten<\/p>\r\n<p>Wie du dich bewerben kannst:<\/p>\r\n<p>Wenn du glaubst, dass diese Erfahrung genau das Richtige f\u00fcr dich ist, freuen wir uns auf deine Nachricht. Nimm Kontakt mit dem Liska Park Team auf, stell dich vor und erfahre mehr \u00fcber das Programm:<\/p>\r\n<p><span style=\"color: #339966;\"><a style=\"color: #339966;\" href=\"\/de\/contact\/\"><strong>KONTAKT<\/strong><\/a><\/span><\/p>\r\n<p>Werde Teil eines Projekts, das Naturschutz, Nachhaltigkeit und sinnvolles Reisen miteinander verbindet. Wir freuen uns darauf, dich im Liska Park willkommen zu hei\u00dfen!<\/p>","protected":false},"excerpt":{"rendered":"<p>Lucreaz\u0103 pentru cazare la Liska Park &#8211; Al\u0103tur\u0103-te proiectului nostru de conservare durabil\u0103 E\u0219ti pasionat de animale, natur\u0103 \u0219i via\u021b\u0103 sustenabil\u0103? Dori\u021bi s\u0103 lua\u021bi parte la un proiect semnificativ \u00een [&hellip;]<\/p>","protected":false},"author":1,"featured_media":6054,"parent":0,"menu_order":0,"comment_status":"closed","ping_status":"open","template":"","meta":{"ngg_post_thumbnail":0,"footnotes":""},"class_list":["post-6216","page","type-page","status-publish","has-post-thumbnail","hentry"],"_links":{"self":[{"href":"https:\/\/safari.dulcedulce.ro\/de\/wp-json\/wp\/v2\/pages\/6216","targetHints":{"allow":["GET"]}}],"collection":[{"href":"https:\/\/safari.dulcedulce.ro\/de\/wp-json\/wp\/v2\/pages"}],"about":[{"href":"https:\/\/safari.dulcedulce.ro\/de\/wp-json\/wp\/v2\/types\/page"}],"author":[{"embeddable":true,"href":"https:\/\/safari.dulcedulce.ro\/de\/wp-json\/wp\/v2\/users\/1"}],"replies":[{"embeddable":true,"href":"https:\/\/safari.dulcedulce.ro\/de\/wp-json\/wp\/v2\/comments?post=6216"}],"version-history":[{"count":7,"href":"https:\/\/safari.dulcedulce.ro\/de\/wp-json\/wp\/v2\/pages\/6216\/revisions"}],"predecessor-version":[{"id":6612,"href":"https:\/\/safari.dulcedulce.ro\/de\/wp-json\/wp\/v2\/pages\/6216\/revisions\/6612"}],"wp:featuredmedia":[{"embeddable":true,"href":"https:\/\/safari.dulcedulce.ro\/de\/wp-json\/wp\/v2\/media\/6054"}],"wp:attachment":[{"href":"https:\/\/safari.dulcedulce.ro\/de\/wp-json\/wp\/v2\/media?parent=6216"}],"curies":[{"name":"wp","href":"https:\/\/api.w.org\/{rel}","templated":true}]}}