{"id":58,"date":"2020-10-20T10:21:44","date_gmt":"2020-10-20T10:21:44","guid":{"rendered":"https:\/\/demo.artureanec.com\/themes\/wildworld\/?page_id=58"},"modified":"2025-04-24T08:43:58","modified_gmt":"2025-04-24T05:43:58","slug":"evenimente-speciale","status":"publish","type":"page","link":"https:\/\/safari.dulcedulce.ro\/de\/evenimente-speciale\/","title":{"rendered":"Veranstaltungen"},"content":{"rendered":"<div data-elementor-type=\"wp-page\" data-elementor-id=\"58\" class=\"elementor elementor-58\">\n\t\t\t\t\t\t<section class=\"elementor-section elementor-top-section elementor-element elementor-element-799d57d elementor-section-stretched elementor-section-content-middle elementor-section-boxed elementor-section-height-default elementor-section-height-default\" data-id=\"799d57d\" data-element_type=\"section\" data-settings=\"{&quot;stretch_section&quot;:&quot;section-stretched&quot;,&quot;background_background&quot;:&quot;classic&quot;}\">\n\t\t\t\t\t\t<div class=\"elementor-container elementor-column-gap-default\">\n\t\t\t\t\t<div class=\"elementor-column elementor-col-66 elementor-top-column elementor-element elementor-element-402211db\" data-id=\"402211db\" data-element_type=\"column\">\n\t\t\t<div class=\"elementor-widget-wrap elementor-element-populated\">\n\t\t\t\t\t\t<div class=\"elementor-element elementor-element-527a824e elementor-widget elementor-widget-text-editor\" data-id=\"527a824e\" data-element_type=\"widget\" data-widget_type=\"text-editor.default\">\n\t\t\t\t<div class=\"elementor-widget-container\">\n\t\t\t<style>\/*! elementor - v3.20.0 - 20-03-2024 *\/\n.elementor-widget-text-editor.elementor-drop-cap-view-stacked .elementor-drop-cap{background-color:#69727d;color:#fff}.elementor-widget-text-editor.elementor-drop-cap-view-framed .elementor-drop-cap{color:#69727d;border:3px solid;background-color:transparent}.elementor-widget-text-editor:not(.elementor-drop-cap-view-default) .elementor-drop-cap{margin-top:8px}.elementor-widget-text-editor:not(.elementor-drop-cap-view-default) .elementor-drop-cap-letter{width:1em;height:1em}.elementor-widget-text-editor .elementor-drop-cap{float:left;text-align:center;line-height:1;font-size:50px}.elementor-widget-text-editor .elementor-drop-cap-letter{display:inline-block}<\/style>\t\t\t\t<strong>Erleben Sie besondere Momente bei den speziellen Veranstaltungen im Liska Park \u2013 exklusiv f\u00fcr Sie geplant!<\/strong>\t\t\t\t\t\t<\/div>\n\t\t\t\t<\/div>\n\t\t\t\t\t<\/div>\n\t\t<\/div>\n\t\t\t\t<div class=\"elementor-column elementor-col-33 elementor-top-column elementor-element elementor-element-5cb0f4b1\" data-id=\"5cb0f4b1\" data-element_type=\"column\">\n\t\t\t<div class=\"elementor-widget-wrap elementor-element-populated\">\n\t\t\t\t\t\t<div class=\"elementor-element elementor-element-78568c7f elementor-widget elementor-widget-wildworld_button\" data-id=\"78568c7f\" data-element_type=\"widget\" data-widget_type=\"wildworld_button.default\">\n\t\t\t\t<div class=\"elementor-widget-container\">\n\t\t\t\n        <div class=\"wildworld_button_widget\">\n            <div class=\"wildworld_button_container\">\n                <a class=\"wildworld_button wildworld_button--primary\" href=\"\/de\/rezervari\/\" target=\"_blank\">Ich m\u00f6chte reservieren<\/a>\n            <\/div>\n        <\/div>\n        \t\t<\/div>\n\t\t\t\t<\/div>\n\t\t\t\t\t<\/div>\n\t\t<\/div>\n\t\t\t\t\t<\/div>\n\t\t<\/section>\n\t\t\t\t<section class=\"elementor-section elementor-top-section elementor-element elementor-element-33bcfa12 elementor-section-boxed elementor-section-height-default elementor-section-height-default\" data-id=\"33bcfa12\" data-element_type=\"section\">\n\t\t\t\t\t\t<div class=\"elementor-container elementor-column-gap-default\">\n\t\t\t\t\t<div class=\"elementor-column elementor-col-100 elementor-top-column elementor-element elementor-element-10c5cdfa\" data-id=\"10c5cdfa\" data-element_type=\"column\">\n\t\t\t<div class=\"elementor-widget-wrap elementor-element-populated\">\n\t\t\t\t\t\t<div class=\"elementor-element elementor-element-3f9d63bc elementor-widget elementor-widget-wildworld_events_listing\" data-id=\"3f9d63bc\" data-element_type=\"widget\" data-widget_type=\"wildworld_events_listing.default\">\n\t\t\t\t<div class=\"elementor-widget-container\">\n\t\t\t\n        <div class=\"wildworld_events_listing_widget\">\n            <div class=\"wildworld_events_listing_wrapper view_type_2\">\n                \n                        <div class=\"wildworld_event_listing_item\">\n                            <div class=\"row flex-column-reverse flex-md-row\">\n                                <div class=\"col-md-6\">\n                                    <h5 class=\"wildworld_event_listing_item_title translation-block\">Kindertag \u2013 feierliche Er\u00f6ffnung des Liska Parks!<\/h5>\n\n                                    \n                                    <p class=\"wildworld_event_listing_item_excerpt\">\ud83c\udf89 Am 1. Juni, von 10:00 bis 20:00 Uhr, laden wir Sie herzlich ein zu einem unvergesslichen Erlebnis \u2013 der offiziellen Er\u00f6ffnung des Liska Parks am Kindertag! \ud83c\udf33\ud83d\udc3e<\/p>\n\n                                    <a class=\"wildworld_event_item_link wildworld_button\" href=\"https:\/\/safari.dulcedulce.ro\/de\/events\/ziua-copilului-inaugurarea-liska-park\/\">Read More<\/a>\n                                <\/div>\n\n                                <div class=\"col-md-6\">\n                                    <div class=\"wildworld_event_listing_item_image_box\">\n                                                                                    <img decoding=\"async\" class=\"wildworld_img--bg\" src=\"https:\/\/safari.dulcedulce.ro\/wp-content\/uploads\/2020\/10\/little-girl-making-bubbles-with-pompous-1-scaled-960x646.jpg\" alt=\"\" \/>\n                                                                                <\/div>\n                                <\/div>\n                            <\/div>\n                        <\/div>\n                        \n                        <div class=\"wildworld_event_listing_item\">\n                            <div class=\"row flex-column-reverse flex-md-row\">\n                                <div class=\"col-md-6\">\n                                    <h5 class=\"wildworld_event_listing_item_title translation-block\">\ud835\udc03\ud835\udc1a\ud835\udc2c \ud835\udc06\ud835\udc1e\ud835\udc21\ud835\udc1e\ud835\udc22\ud835\udc26\ud835\udc27\ud835\udc22\ud835\udc2c \ud835\udc1d\ud835\udc1e\ud835\udc2c \ud835\udc16\ud835\udc1e\ud835\udc22\u00df\ud835\udc1e\ud835\udc27 \ud835\udc07\ud835\udc22\ud835\udc2b\ud835\udc2c\ud835\udc1c\ud835\udc21\ud835\udc2c!<\/h5>\n\n                                    \n                                    <p class=\"wildworld_event_listing_item_excerpt\">Wir freuen uns, Sie zu einem spannenden und lehrreichen Event inmitten der Natur einzuladen \u2013 Entdecken Sie das Geheimnis des Wei\u00dfen Hirsches!<\/p>\n\n                                    <a class=\"wildworld_event_item_link wildworld_button\" href=\"https:\/\/safari.dulcedulce.ro\/de\/events\/%f0%9d%90%8c%f0%9d%90%a2%f0%9d%90%ac%f0%9d%90%ad%f0%9d%90%9e%f0%9d%90%ab%f0%9d%90%ae%f0%9d%90%a5-%f0%9d%90%82%f0%9d%90%9e%f0%9d%90%ab%f0%9d%90%9b%f0%9d%90%ae%f0%9d%90%a5%f0%9d%90%ae%f0%9d%90%a2\/\">Read More<\/a>\n                                <\/div>\n\n                                <div class=\"col-md-6\">\n                                    <div class=\"wildworld_event_listing_item_image_box\">\n                                                                                    <img decoding=\"async\" class=\"wildworld_img--bg\" src=\"https:\/\/safari.dulcedulce.ro\/wp-content\/uploads\/2020\/10\/8-iunie-960x646.jpg\" alt=\"\" \/>\n                                                                                <\/div>\n                                <\/div>\n                            <\/div>\n                        <\/div>\n                        \n                        <div class=\"wildworld_event_listing_item\">\n                            <div class=\"row flex-column-reverse flex-md-row\">\n                                <div class=\"col-md-6\">\n                                    <h5 class=\"wildworld_event_listing_item_title translation-block\">Entdecke die Faszinierende Welt der Tiger<\/h5>\n\n                                    \n                                    <p class=\"wildworld_event_listing_item_excerpt\">Begleiten Sie uns am 15. Juni zu einem Tag voller Abenteuer und Lernen im Liska Park \u2013 erleben Sie die Faszination der Tiger hautnah!<\/p>\n\n                                    <a class=\"wildworld_event_item_link wildworld_button\" href=\"https:\/\/safari.dulcedulce.ro\/de\/events\/descopera-lumea-fascinanta-a-tigrilor\/\">Read More<\/a>\n                                <\/div>\n\n                                <div class=\"col-md-6\">\n                                    <div class=\"wildworld_event_listing_item_image_box\">\n                                                                                    <img decoding=\"async\" class=\"wildworld_img--bg\" src=\"https:\/\/safari.dulcedulce.ro\/wp-content\/uploads\/2024\/03\/close-up-portrait-tigers-960x646.jpg\" alt=\"\" \/>\n                                                                                <\/div>\n                                <\/div>\n                            <\/div>\n                        <\/div>\n                        \n                        <div class=\"wildworld_event_listing_item\">\n                            <div class=\"row flex-column-reverse flex-md-row\">\n                                <div class=\"col-md-6\">\n                                    <h5 class=\"wildworld_event_listing_item_title translation-block\">Die Faszinierende Welt der Bisons!<\/h5>\n\n                                    \n                                    <p class=\"wildworld_event_listing_item_excerpt\">Am 22. Juni laden wir Sie herzlich zu einem einzigartigen und spannenden Tag im Liska Park ein \u2013 entdecken Sie die faszinierende Welt der Bisons!<\/p>\n\n                                    <a class=\"wildworld_event_item_link wildworld_button\" href=\"https:\/\/safari.dulcedulce.ro\/de\/events\/lumea-fascinanta-a-bizonilor\/\">Read More<\/a>\n                                <\/div>\n\n                                <div class=\"col-md-6\">\n                                    <div class=\"wildworld_event_listing_item_image_box\">\n                                                                                    <img decoding=\"async\" class=\"wildworld_img--bg\" src=\"https:\/\/safari.dulcedulce.ro\/wp-content\/uploads\/2020\/10\/1-iunie-960x646.jpg\" alt=\"\" \/>\n                                                                                <\/div>\n                                <\/div>\n                            <\/div>\n                        <\/div>\n                        \n                        <div class=\"wildworld_event_listing_item\">\n                            <div class=\"row flex-column-reverse flex-md-row\">\n                                <div class=\"col-md-6\">\n                                    <h5 class=\"wildworld_event_listing_item_title translation-block\">Begegnung mit dem Lama \u2013 Die Pracht der Tierwelt im Liska Park<\/h5>\n\n                                    \n                                    <p class=\"wildworld_event_listing_item_excerpt\">Wussten Sie, dass das Lama ein bemerkenswertes Tier ist, bekannt f\u00fcr seine Anmut und seine F\u00e4higkeit, selbst unter extremsten Bedingungen zu \u00fcberleben?<\/p>\n\n                                    <a class=\"wildworld_event_item_link wildworld_button\" href=\"https:\/\/safari.dulcedulce.ro\/de\/events\/intalnirea-cu-lama-splendoarea-faunei-liska-park\/\">Read More<\/a>\n                                <\/div>\n\n                                <div class=\"col-md-6\">\n                                    <div class=\"wildworld_event_listing_item_image_box\">\n                                                                                    <img decoding=\"async\" class=\"wildworld_img--bg\" src=\"https:\/\/safari.dulcedulce.ro\/wp-content\/uploads\/2024\/03\/llamas-field-960x646.jpg\" alt=\"\" \/>\n                                                                                <\/div>\n                                <\/div>\n                            <\/div>\n                        <\/div>\n                                    <\/div>\n\n                            <div class=\"wildworld_pagination\">\n                                    <\/div>\n                        <\/div>\n        \t\t<\/div>\n\t\t\t\t<\/div>\n\t\t\t\t\t<\/div>\n\t\t<\/div>\n\t\t\t\t\t<\/div>\n\t\t<\/section>\n\t\t\t\t<\/div>","protected":false},"excerpt":{"rendered":"<p>Erleben Sie besondere Momente bei den speziellen Veranstaltungen im Liska Park \u2013 exklusiv f\u00fcr Sie geplant!<\/p>","protected":false},"author":1,"featured_media":4941,"parent":0,"menu_order":0,"comment_status":"closed","ping_status":"closed","template":"","meta":{"ngg_post_thumbnail":0,"footnotes":""},"class_list":["post-58","page","type-page","status-publish","has-post-thumbnail","hentry"],"_links":{"self":[{"href":"https:\/\/safari.dulcedulce.ro\/de\/wp-json\/wp\/v2\/pages\/58","targetHints":{"allow":["GET"]}}],"collection":[{"href":"https:\/\/safari.dulcedulce.ro\/de\/wp-json\/wp\/v2\/pages"}],"about":[{"href":"https:\/\/safari.dulcedulce.ro\/de\/wp-json\/wp\/v2\/types\/page"}],"author":[{"embeddable":true,"href":"https:\/\/safari.dulcedulce.ro\/de\/wp-json\/wp\/v2\/users\/1"}],"replies":[{"embeddable":true,"href":"https:\/\/safari.dulcedulce.ro\/de\/wp-json\/wp\/v2\/comments?post=58"}],"version-history":[{"count":24,"href":"https:\/\/safari.dulcedulce.ro\/de\/wp-json\/wp\/v2\/pages\/58\/revisions"}],"predecessor-version":[{"id":6850,"href":"https:\/\/safari.dulcedulce.ro\/de\/wp-json\/wp\/v2\/pages\/58\/revisions\/6850"}],"wp:featuredmedia":[{"embeddable":true,"href":"https:\/\/safari.dulcedulce.ro\/de\/wp-json\/wp\/v2\/media\/4941"}],"wp:attachment":[{"href":"https:\/\/safari.dulcedulce.ro\/de\/wp-json\/wp\/v2\/media?parent=58"}],"curies":[{"name":"wp","href":"https:\/\/api.w.org\/{rel}","templated":true}]}}