{"id":46,"date":"2020-10-20T10:16:29","date_gmt":"2020-10-20T10:16:29","guid":{"rendered":"https:\/\/demo.artureanec.com\/themes\/wildworld\/?page_id=46"},"modified":"2025-03-21T11:42:18","modified_gmt":"2025-03-21T09:42:18","slug":"despre-noi","status":"publish","type":"page","link":"https:\/\/safari.dulcedulce.ro\/de\/despre-noi\/","title":{"rendered":"\u00dcber uns"},"content":{"rendered":"<div data-elementor-type=\"wp-page\" data-elementor-id=\"46\" class=\"elementor elementor-46\">\n\t\t\t\t<div class=\"elementor-element elementor-element-a2cec26 e-flex e-con-boxed e-con e-parent\" data-id=\"a2cec26\" data-element_type=\"container\" data-core-v316-plus=\"true\">\n\t\t\t\t\t<div class=\"e-con-inner\">\n\t\t<div class=\"elementor-element elementor-element-530c471 e-con-full e-flex e-con e-child\" data-id=\"530c471\" data-element_type=\"container\">\n\t\t\t\t<div class=\"elementor-element elementor-element-e6032a2 elementor-widget elementor-widget-image\" data-id=\"e6032a2\" data-element_type=\"widget\" data-widget_type=\"image.default\">\n\t\t\t\t<div class=\"elementor-widget-container\">\n\t\t\t<style>\/*! elementor - v3.20.0 - 20-03-2024 *\/\n.elementor-widget-image{text-align:center}.elementor-widget-image a{display:inline-block}.elementor-widget-image a img[src$=\".svg\"]{width:48px}.elementor-widget-image img{vertical-align:middle;display:inline-block}<\/style>\t\t\t\t\t\t\t\t\t\t<img fetchpriority=\"high\" decoding=\"async\" width=\"270\" height=\"270\" src=\"https:\/\/safari.dulcedulce.ro\/wp-content\/uploads\/2024\/04\/Christian-Friedl.jpg\" class=\"attachment-large size-large wp-image-5659\" alt=\"\" srcset=\"https:\/\/safari.dulcedulce.ro\/wp-content\/uploads\/2024\/04\/Christian-Friedl.jpg 270w, https:\/\/safari.dulcedulce.ro\/wp-content\/uploads\/2024\/04\/Christian-Friedl-150x150.jpg 150w, https:\/\/safari.dulcedulce.ro\/wp-content\/uploads\/2024\/04\/Christian-Friedl-12x12.jpg 12w, https:\/\/safari.dulcedulce.ro\/wp-content\/uploads\/2024\/04\/Christian-Friedl-100x100.jpg 100w\" sizes=\"(max-width: 270px) 100vw, 270px\" \/>\t\t\t\t\t\t\t\t\t\t\t\t\t<\/div>\n\t\t\t\t<\/div>\n\t\t\t\t<\/div>\n\t\t<div class=\"elementor-element elementor-element-a03f30a e-con-full e-flex e-con e-child\" data-id=\"a03f30a\" data-element_type=\"container\">\n\t\t\t\t<div class=\"elementor-element elementor-element-7218739 elementor-widget elementor-widget-text-editor\" data-id=\"7218739\" data-element_type=\"widget\" data-widget_type=\"text-editor.default\">\n\t\t\t\t<div class=\"elementor-widget-container\">\n\t\t\t<style>\/*! elementor - v3.20.0 - 20-03-2024 *\/\n.elementor-widget-text-editor.elementor-drop-cap-view-stacked .elementor-drop-cap{background-color:#69727d;color:#fff}.elementor-widget-text-editor.elementor-drop-cap-view-framed .elementor-drop-cap{color:#69727d;border:3px solid;background-color:transparent}.elementor-widget-text-editor:not(.elementor-drop-cap-view-default) .elementor-drop-cap{margin-top:8px}.elementor-widget-text-editor:not(.elementor-drop-cap-view-default) .elementor-drop-cap-letter{width:1em;height:1em}.elementor-widget-text-editor .elementor-drop-cap{float:left;text-align:center;line-height:1;font-size:50px}.elementor-widget-text-editor .elementor-drop-cap-letter{display:inline-block}<\/style>\t\t\t\t<h3>Christian Friedl \u2013 Gr\u00fcnder des Liska Parks<\/h3><p><strong>Liska Park \u2013 Christian Friedls Vision eines harmonischen Ortes f\u00fcr Mensch und Tier<\/strong><\/p><p class=\"translation-block\">Der Liska Park ist weit mehr als ein gew\u00f6hnliches Naturschutz- und Wildtierprojekt \u2013 er ist die Lebensvision von Christian Friedl. Als erfolgreicher Unternehmer in der Immobilien- und Innenarchitekturbranche in den Alpenregionen hat er seine Erfahrung, seine Leidenschaft und sein pers\u00f6nliches Kapital in dieses einzigartige Projekt investiert. Doch solch ein Vorhaben entsteht nie im Alleingang \u2013 stets an seiner Seite war seine Ehefrau Karin Friedl, eine unverzichtbare St\u00fctze w\u00e4hrend der gesamten Entwicklung des Parks.\n\nDer Bau des Liska Parks ist ein gro\u00df angelegtes Projekt, das vollst\u00e4ndig aus privaten Mitteln finanziert wird \u2013 aus dem eigenen Verm\u00f6gen von Christian Friedl. Weil ihm das Wohlergehen der Tiere besonders am Herzen liegt, engagiert er sich nicht nur finanziell, sondern auch mit seiner Erfahrung als Entwickler und Projektmanager. \u00dcber die Jahre hinweg hat er Zeit und Ressourcen aufgewendet, um den Liska Park zu dem zu machen, was er heute ist \u2013 zweifellos sein Lebenswerk.<\/p><h3>Ein Verm\u00e4chtnis f\u00fcr zuk\u00fcnftige Generationen<\/h3><p class=\"translation-block\">F\u00fcr Christian Friedl ist der Liska Park mehr als ein Projekt \u2013 er ist seine Lebensaufgabe. Er vereint darin seine Leidenschaft f\u00fcr nachhaltiges Bauen, seine Liebe zur Natur und sein Engagement f\u00fcr den Tierschutz zu einem einzigartigen Konzept. Sein Ziel ist es nicht nur, den Tieren ein besseres Leben zu erm\u00f6glichen, sondern auch Menschen zu inspirieren, achtsamer mit der Umwelt umzugehen.<\/p><p class=\"translation-block\">Langfristig m\u00f6chte er den Liska Park nachhaltig weiterentwickeln, noch mehr Wildtieren ein Zuhause bieten und gleichzeitig ein Bildungszentrum schaffen, das sich dem Natur- und Artenschutz widmet.<\/p><p class=\"translation-block\">Der Liska Park ist ein Symbol f\u00fcr die Harmonie zwischen Mensch und Natur \u2013 und ein Beweis daf\u00fcr, dass nachhaltige Projekte durch Leidenschaft, Verantwortung und eine klare Zukunftsvision Realit\u00e4t werden k\u00f6nnen.<\/p>\t\t\t\t\t\t<\/div>\n\t\t\t\t<\/div>\n\t\t\t\t<\/div>\n\t\t\t\t\t<\/div>\n\t\t\t\t<\/div>\n\t\t<div class=\"elementor-element elementor-element-e81bf2e e-flex e-con-boxed e-con e-parent\" data-id=\"e81bf2e\" data-element_type=\"container\" data-core-v316-plus=\"true\">\n\t\t\t\t\t<div class=\"e-con-inner\">\n\t\t<div class=\"elementor-element elementor-element-7099b22 e-con-full e-flex e-con e-child\" data-id=\"7099b22\" data-element_type=\"container\">\n\t\t\t\t<div class=\"elementor-element elementor-element-73e950f elementor-widget elementor-widget-text-editor\" data-id=\"73e950f\" data-element_type=\"widget\" data-widget_type=\"text-editor.default\">\n\t\t\t\t<div class=\"elementor-widget-container\">\n\t\t\t\t\t\t\t<h3>Mihai Torjoc \u2013 Partner bei der Entwicklung des Liska Parks und Sch\u00f6pfer authentischer kulinarischer Erlebnisse<\/h3><p>Mihai Torjoc ist ein bekannter Name in der Welt der Gastfreundschaft und Gastronomie in Rum\u00e4nien. Mit \u00fcber einem Jahrzehnt Erfahrung in der Branche brachte er durch Due Fratelli den authentischen Geschmack Italiens n\u00e4her an das rum\u00e4nische Publikum \u2013 eine Marke, die f\u00fcr hochwertige Gerichte und ein besonderes Ambiente bekannt ist.<\/p><p>Seine unternehmerische Vision ging jedoch \u00fcber die Gastronomie hinaus. Im Jahr 2023 gr\u00fcndete er das Due Fratelli Village Resort \u2013 eine einzigartige touristische Anlage inmitten der Natur, in der G\u00e4ste in liebevoll restaurierten traditionellen H\u00e4usern aus Maramure\u0219 mit modernem Komfort \u00fcbernachten k\u00f6nnen.<\/p><h3>Partnerschaft mit Christian Friedl \u2013 Eine gemeinsame Vision f\u00fcr den Liska Park<\/h3><p>Mit dem Ausbau des Liska Parks schloss sich Mihai Torjoc dem Unternehmer Christian Friedl an, um dieses beeindruckende Projekt mitzugestalten. Er trug sowohl zur baulichen Entwicklung als auch zur Schaffung eines hochwertigen kulinarischen Angebots f\u00fcr die Besucher bei. Mit seiner Expertise im Gastgewerbe sorgt Mihai daf\u00fcr, dass der Park nicht nur ein Tierrefugium ist, sondern auch ein Ort der Entspannung und des Genusses.<\/p><p>Sein Engagement spiegelt seine Leidenschaft f\u00fcr Innovation und den Wunsch wider, besondere Orte zu schaffen, an denen Natur, Kultur und Kulinarik in Einklang stehen. Der Liska Park wird dadurch nicht nur zu einem Symbol f\u00fcr Tierschutz, sondern auch zu einem Ort authentischer Erlebnisse \u2013 dank der Zusammenarbeit zwischen Mihai Torjoc und Christian Friedl.<\/p>\t\t\t\t\t\t<\/div>\n\t\t\t\t<\/div>\n\t\t\t\t<\/div>\n\t\t<div class=\"elementor-element elementor-element-1f65b06 e-con-full e-flex e-con e-child\" data-id=\"1f65b06\" data-element_type=\"container\">\n\t\t\t\t<div class=\"elementor-element elementor-element-7a4b891 elementor-widget elementor-widget-image\" data-id=\"7a4b891\" data-element_type=\"widget\" data-widget_type=\"image.default\">\n\t\t\t\t<div class=\"elementor-widget-container\">\n\t\t\t\t\t\t\t\t\t\t\t\t\t<img decoding=\"async\" width=\"600\" height=\"705\" src=\"https:\/\/safari.dulcedulce.ro\/wp-content\/uploads\/2025\/03\/Mihai.jpg\" class=\"attachment-large size-large wp-image-5942\" alt=\"\" srcset=\"https:\/\/safari.dulcedulce.ro\/wp-content\/uploads\/2025\/03\/Mihai.jpg 600w, https:\/\/safari.dulcedulce.ro\/wp-content\/uploads\/2025\/03\/Mihai-255x300.jpg 255w, https:\/\/safari.dulcedulce.ro\/wp-content\/uploads\/2025\/03\/Mihai-10x12.jpg 10w\" sizes=\"(max-width: 600px) 100vw, 600px\" \/>\t\t\t\t\t\t\t\t\t\t\t\t\t<\/div>\n\t\t\t\t<\/div>\n\t\t\t\t<\/div>\n\t\t\t\t\t<\/div>\n\t\t\t\t<\/div>\n\t\t\t\t<section class=\"elementor-section elementor-top-section elementor-element elementor-element-e8bed6c elementor-section-boxed elementor-section-height-default elementor-section-height-default\" data-id=\"e8bed6c\" data-element_type=\"section\">\n\t\t\t\t\t\t<div class=\"elementor-container elementor-column-gap-default\">\n\t\t\t\t\t<div class=\"elementor-column elementor-col-100 elementor-top-column elementor-element elementor-element-3f78644e\" data-id=\"3f78644e\" data-element_type=\"column\">\n\t\t\t<div class=\"elementor-widget-wrap elementor-element-populated\">\n\t\t\t\t\t\t<div class=\"elementor-element elementor-element-6e12cb4a elementor-widget elementor-widget-wildworld_heading\" data-id=\"6e12cb4a\" data-element_type=\"widget\" data-widget_type=\"wildworld_heading.default\">\n\t\t\t\t<div class=\"elementor-widget-container\">\n\t\t\t\n        <div class=\"wildworld_heading_widget\">\n                                <div class=\"wildworld_up_heading\">\n                        Unsere Partner                    <\/div>\n                                    <h3 class=\"wildworld_heading translation-block\">Unsere Verb\u00fcndeten in der Liebe zu den Tieren<\/h3>\n                        <\/div>\n        \t\t<\/div>\n\t\t\t\t<\/div>\n\t\t\t\t\t<\/div>\n\t\t<\/div>\n\t\t\t\t\t<\/div>\n\t\t<\/section>\n\t\t\t\t<section class=\"elementor-section elementor-top-section elementor-element elementor-element-63bf61c7 elementor-section-content-middle elementor-section-boxed elementor-section-height-default elementor-section-height-default\" data-id=\"63bf61c7\" data-element_type=\"section\">\n\t\t\t\t\t\t<div class=\"elementor-container elementor-column-gap-default\">\n\t\t\t\t\t<div class=\"elementor-column elementor-col-20 elementor-top-column elementor-element elementor-element-25e5d890\" data-id=\"25e5d890\" data-element_type=\"column\">\n\t\t\t<div class=\"elementor-widget-wrap\">\n\t\t\t\t\t\t\t<\/div>\n\t\t<\/div>\n\t\t\t\t<div class=\"elementor-column elementor-col-20 elementor-top-column elementor-element elementor-element-6579b823\" data-id=\"6579b823\" data-element_type=\"column\">\n\t\t\t<div class=\"elementor-widget-wrap elementor-element-populated\">\n\t\t\t\t\t\t<div class=\"elementor-element elementor-element-1159c859 elementor-widget elementor-widget-image\" data-id=\"1159c859\" data-element_type=\"widget\" data-widget_type=\"image.default\">\n\t\t\t\t<div class=\"elementor-widget-container\">\n\t\t\t\t\t\t\t\t\t\t\t\t\t<img decoding=\"async\" width=\"200\" height=\"100\" src=\"https:\/\/safari.dulcedulce.ro\/wp-content\/uploads\/2024\/03\/gut-aiderbichl.png\" class=\"attachment-large size-large wp-image-4176\" alt=\"\" \/>\t\t\t\t\t\t\t\t\t\t\t\t\t<\/div>\n\t\t\t\t<\/div>\n\t\t\t\t\t<\/div>\n\t\t<\/div>\n\t\t\t\t<div class=\"elementor-column elementor-col-20 elementor-top-column elementor-element elementor-element-51ce563d\" data-id=\"51ce563d\" data-element_type=\"column\">\n\t\t\t<div class=\"elementor-widget-wrap elementor-element-populated\">\n\t\t\t\t\t\t<div class=\"elementor-element elementor-element-66489155 elementor-widget elementor-widget-image\" data-id=\"66489155\" data-element_type=\"widget\" data-widget_type=\"image.default\">\n\t\t\t\t<div class=\"elementor-widget-container\">\n\t\t\t\t\t\t\t\t\t\t\t\t\t<img loading=\"lazy\" decoding=\"async\" width=\"230\" height=\"263\" src=\"https:\/\/safari.dulcedulce.ro\/wp-content\/uploads\/2025\/02\/Liska-Park-Logo-dark-MD.png\" class=\"attachment-large size-large wp-image-5890\" alt=\"\" srcset=\"https:\/\/safari.dulcedulce.ro\/wp-content\/uploads\/2025\/02\/Liska-Park-Logo-dark-MD.png 230w, https:\/\/safari.dulcedulce.ro\/wp-content\/uploads\/2025\/02\/Liska-Park-Logo-dark-MD-10x12.png 10w\" sizes=\"(max-width: 230px) 100vw, 230px\" \/>\t\t\t\t\t\t\t\t\t\t\t\t\t<\/div>\n\t\t\t\t<\/div>\n\t\t\t\t\t<\/div>\n\t\t<\/div>\n\t\t\t\t<div class=\"elementor-column elementor-col-20 elementor-top-column elementor-element elementor-element-3f8cd5ac\" data-id=\"3f8cd5ac\" data-element_type=\"column\">\n\t\t\t<div class=\"elementor-widget-wrap elementor-element-populated\">\n\t\t\t\t\t\t<div class=\"elementor-element elementor-element-4a6cd147 elementor-widget elementor-widget-image\" data-id=\"4a6cd147\" data-element_type=\"widget\" data-widget_type=\"image.default\">\n\t\t\t\t<div class=\"elementor-widget-container\">\n\t\t\t\t\t\t\t\t\t\t\t\t\t<img loading=\"lazy\" decoding=\"async\" width=\"200\" height=\"100\" src=\"https:\/\/safari.dulcedulce.ro\/wp-content\/uploads\/2024\/03\/due-fratelli-1.png\" class=\"attachment-large size-large wp-image-4182\" alt=\"\" \/>\t\t\t\t\t\t\t\t\t\t\t\t\t<\/div>\n\t\t\t\t<\/div>\n\t\t\t\t\t<\/div>\n\t\t<\/div>\n\t\t\t\t<div class=\"elementor-column elementor-col-20 elementor-top-column elementor-element elementor-element-415f4fe3\" data-id=\"415f4fe3\" data-element_type=\"column\">\n\t\t\t<div class=\"elementor-widget-wrap\">\n\t\t\t\t\t\t\t<\/div>\n\t\t<\/div>\n\t\t\t\t\t<\/div>\n\t\t<\/section>\n\t\t\t\t<\/div>","protected":false},"excerpt":{"rendered":"<p>Christian Friedl \u2013 Fondatorul Liska Park Liska Park \u2013 Viziunea lui Christian Friedl despre un spa\u021biu armonios pentru animale \u0219i oameni Parcul Liska este mult mai mult dec\u00e2t un proiect [&hellip;]<\/p>","protected":false},"author":1,"featured_media":5677,"parent":0,"menu_order":0,"comment_status":"closed","ping_status":"closed","template":"","meta":{"ngg_post_thumbnail":0,"footnotes":""},"class_list":["post-46","page","type-page","status-publish","has-post-thumbnail","hentry"],"_links":{"self":[{"href":"https:\/\/safari.dulcedulce.ro\/de\/wp-json\/wp\/v2\/pages\/46","targetHints":{"allow":["GET"]}}],"collection":[{"href":"https:\/\/safari.dulcedulce.ro\/de\/wp-json\/wp\/v2\/pages"}],"about":[{"href":"https:\/\/safari.dulcedulce.ro\/de\/wp-json\/wp\/v2\/types\/page"}],"author":[{"embeddable":true,"href":"https:\/\/safari.dulcedulce.ro\/de\/wp-json\/wp\/v2\/users\/1"}],"replies":[{"embeddable":true,"href":"https:\/\/safari.dulcedulce.ro\/de\/wp-json\/wp\/v2\/comments?post=46"}],"version-history":[{"count":197,"href":"https:\/\/safari.dulcedulce.ro\/de\/wp-json\/wp\/v2\/pages\/46\/revisions"}],"predecessor-version":[{"id":6544,"href":"https:\/\/safari.dulcedulce.ro\/de\/wp-json\/wp\/v2\/pages\/46\/revisions\/6544"}],"wp:featuredmedia":[{"embeddable":true,"href":"https:\/\/safari.dulcedulce.ro\/de\/wp-json\/wp\/v2\/media\/5677"}],"wp:attachment":[{"href":"https:\/\/safari.dulcedulce.ro\/de\/wp-json\/wp\/v2\/media?parent=46"}],"curies":[{"name":"wp","href":"https:\/\/api.w.org\/{rel}","templated":true}]}}